{"id":458,"date":"2025-08-19T07:08:59","date_gmt":"2025-08-19T07:08:59","guid":{"rendered":"https:\/\/www.mindhunters.ai\/blog\/ia-conversacional-en-seguros-casos-de-uso-y-ventajas\/"},"modified":"2025-09-02T07:54:47","modified_gmt":"2025-09-02T07:54:47","slug":"ia-conversacional-en-seguros-casos-de-uso-y-ventajas","status":"publish","type":"page","link":"https:\/\/www.mindhunters.ai\/blog\/es\/ia-conversacional-en-seguros-casos-de-uso-y-ventajas\/","title":{"rendered":"IA conversacional en seguros: Casos de uso y ventajas"},"content":{"rendered":"\t\t<div data-elementor-type=\"wp-post\" data-elementor-id=\"458\" class=\"elementor elementor-458 elementor-324\" data-elementor-post-type=\"page\">\n\t\t\t\t<div class=\"elementor-element elementor-element-63aaa2a2 e-flex e-con-boxed e-con e-parent\" data-id=\"63aaa2a2\" data-element_type=\"container\">\n\t\t\t\t\t<div class=\"e-con-inner\">\n\t\t\t\t<div class=\"elementor-element elementor-element-789a451 elementor-widget elementor-widget-heading\" data-id=\"789a451\" data-element_type=\"widget\" data-widget_type=\"heading.default\">\n\t\t\t\t\t<h1 class=\"elementor-heading-title elementor-size-default\">IA conversacional en seguros: Casos de uso y ventajas<\/h1>\t\t\t\t<\/div>\n\t\t\t\t\t<\/div>\n\t\t\t\t<\/div>\n\t\t<div class=\"elementor-element elementor-element-ebde107 e-flex e-con-boxed e-con e-parent\" data-id=\"ebde107\" data-element_type=\"container\">\n\t\t\t\t\t<div class=\"e-con-inner\">\n\t\t\t\t<div class=\"elementor-element elementor-element-f4a4cb5 elementor-widget elementor-widget-image\" data-id=\"f4a4cb5\" data-element_type=\"widget\" data-widget_type=\"image.default\">\n\t\t\t\t\t\t\t\t\t\t\t\t\t\t\t<img fetchpriority=\"high\" decoding=\"async\" width=\"915\" height=\"600\" src=\"https:\/\/www.mindhunters.ai\/blog\/wp-content\/uploads\/2025\/09\/conversational-ai-insurance.webp\" class=\"attachment-large size-large wp-image-369\" alt=\"\" srcset=\"https:\/\/www.mindhunters.ai\/blog\/wp-content\/uploads\/2025\/09\/conversational-ai-insurance.webp 915w, https:\/\/www.mindhunters.ai\/blog\/wp-content\/uploads\/2025\/09\/conversational-ai-insurance-300x197.webp 300w, https:\/\/www.mindhunters.ai\/blog\/wp-content\/uploads\/2025\/09\/conversational-ai-insurance-768x504.webp 768w\" sizes=\"(max-width: 915px) 100vw, 915px\" \/>\t\t\t\t\t\t\t\t\t\t\t\t\t\t\t<\/div>\n\t\t\t\t<div class=\"elementor-element elementor-element-7c5bffd elementor-widget elementor-widget-text-editor\" data-id=\"7c5bffd\" data-element_type=\"widget\" data-widget_type=\"text-editor.default\">\n\t\t\t\t\t\t\t\t\t<p data-start=\"790\" data-end=\"1216\">El sector de los seguros evoluciona r\u00e1pidamente a medida que los clientes exigen experiencias m\u00e1s r\u00e1pidas, sencillas y transparentes. Desde las consultas sobre p\u00f3lizas hasta la tramitaci\u00f3n de siniestros, la IA conversacional est\u00e1 transformando la forma en que las aseguradoras interact\u00faan con sus clientes. Con <strong data-start=\"1022\" data-end=\"1082\">Mindhunters.ai &#8211; Intelligent Sales &amp; Customer Engagement<\/strong>, los proveedores de seguros pueden ofrecer una asistencia 24\/7 similar a la humana que mejora la eficiencia, la confianza del cliente y la satisfacci\u00f3n general.<\/p>\t\t\t\t\t\t\t\t<\/div>\n\t\t\t\t<div class=\"elementor-element elementor-element-d43f3c0 elementor-widget elementor-widget-heading\" data-id=\"d43f3c0\" data-element_type=\"widget\" data-widget_type=\"heading.default\">\n\t\t\t\t\t<h2 class=\"elementor-heading-title elementor-size-default\">Caso pr\u00e1ctico 1: Consultas sobre pol\u00edticas y atenci\u00f3n al cliente<\/h2>\t\t\t\t<\/div>\n\t\t\t\t<div class=\"elementor-element elementor-element-c52b7ce elementor-widget elementor-widget-text-editor\" data-id=\"c52b7ce\" data-element_type=\"widget\" data-widget_type=\"text-editor.default\">\n\t\t\t\t\t\t\t\t\t<p>Los clientes suelen tener preguntas sobre la cobertura, las primas y los requisitos. La IA conversacional permite a las aseguradoras automatizar estas consultas, ofreciendo respuestas instant\u00e1neas y precisas a trav\u00e9s del chat, la voz y los canales digitales. Mindhunters.ai garantiza que los clientes reciban respuestas coherentes y personalizadas, reduciendo la presi\u00f3n del centro de llamadas y mejorando el compromiso.<\/p>\t\t\t\t\t\t\t\t<\/div>\n\t\t\t\t<div class=\"elementor-element elementor-element-7663363 elementor-widget elementor-widget-heading\" data-id=\"7663363\" data-element_type=\"widget\" data-widget_type=\"heading.default\">\n\t\t\t\t\t<h2 class=\"elementor-heading-title elementor-size-default\">Caso pr\u00e1ctico 2: Tramitaci\u00f3n de siniestros y detecci\u00f3n de fraudes<\/h2>\t\t\t\t<\/div>\n\t\t\t\t<div class=\"elementor-element elementor-element-732a1fc elementor-widget elementor-widget-text-editor\" data-id=\"732a1fc\" data-element_type=\"widget\" data-widget_type=\"text-editor.default\">\n\t\t\t\t\t\t\t\t\t<p data-start=\"1699\" data-end=\"2065\">La gesti\u00f3n de siniestros es uno de los procesos m\u00e1s sensibles al tiempo en el sector de los seguros. La IA conversacional puede guiar a los clientes en la presentaci\u00f3n de reclamaciones, solicitar la documentaci\u00f3n necesaria y proporcionar actualizaciones del estado de las reclamaciones en tiempo real. Adem\u00e1s, Mindhunters.ai se integra con sistemas de detecci\u00f3n de fraudes para se\u00f1alar actividades sospechosas, lo que garantiza una tramitaci\u00f3n m\u00e1s r\u00e1pida y segura de las reclamaciones.<\/p>\t\t\t\t\t\t\t\t<\/div>\n\t\t\t\t<div class=\"elementor-element elementor-element-0bfaf55 elementor-widget elementor-widget-heading\" data-id=\"0bfaf55\" data-element_type=\"widget\" data-widget_type=\"heading.default\">\n\t\t\t\t\t<h2 class=\"elementor-heading-title elementor-size-default\">Ventajas: Eficacia, confianza y retenci\u00f3n de clientes<\/h2>\t\t\t\t<\/div>\n\t\t\t\t<div class=\"elementor-element elementor-element-c0d4b37 elementor-widget elementor-widget-text-editor\" data-id=\"c0d4b37\" data-element_type=\"widget\" data-widget_type=\"text-editor.default\">\n\t\t\t\t\t\t\t\t\t<p>Las ventajas de la IA conversacional en los seguros van m\u00e1s all\u00e1 de la automatizaci\u00f3n. Al mejorar los plazos de tramitaci\u00f3n de los siniestros, ofrecer una comunicaci\u00f3n proactiva y reducir los costes operativos, las aseguradoras pueden establecer relaciones m\u00e1s s\u00f3lidas con los clientes. Mindhunters.ai ayuda a las empresas no solo a escalar operaciones, sino tambi\u00e9n a crear interacciones transparentes y basadas en la confianza que aumentan la retenci\u00f3n de clientes en un mercado altamente competitivo.<\/p>\t\t\t\t\t\t\t\t<\/div>\n\t\t\t\t\t<\/div>\n\t\t\t\t<\/div>\n\t\t<div class=\"elementor-element elementor-element-807e0de e-con-full e-flex e-con e-parent\" data-id=\"807e0de\" data-element_type=\"container\" data-settings=\"{&quot;background_background&quot;:&quot;classic&quot;}\">\n\t\t\t\t<div class=\"elementor-element elementor-element-fcc7806 elementor-widget elementor-widget-heading\" data-id=\"fcc7806\" data-element_type=\"widget\" data-widget_type=\"heading.default\">\n\t\t\t\t\t<h2 class=\"elementor-heading-title elementor-size-default\">FaQ's<\/h2>\t\t\t\t<\/div>\n\t\t\t\t<div class=\"elementor-element elementor-element-135d614 elementor-widget elementor-widget-n-accordion\" data-id=\"135d614\" data-element_type=\"widget\" data-settings=\"{&quot;n_accordion_animation_duration&quot;:{&quot;unit&quot;:&quot;ms&quot;,&quot;size&quot;:200,&quot;sizes&quot;:[]},&quot;default_state&quot;:&quot;expanded&quot;,&quot;max_items_expended&quot;:&quot;one&quot;}\" data-widget_type=\"nested-accordion.default\">\n\t\t\t\t\t\t\t<div class=\"e-n-accordion\" aria-label=\"Accordion. Open links with Enter or Space, close with Escape, and navigate with Arrow Keys\">\n\t\t\t\t\t\t<details id=\"e-n-accordion-item-2030\" class=\"e-n-accordion-item\" open>\n\t\t\t\t<summary class=\"e-n-accordion-item-title\" data-accordion-index=\"1\" tabindex=\"0\" aria-expanded=\"true\" aria-controls=\"e-n-accordion-item-2030\" >\n\t\t\t\t\t<span class='e-n-accordion-item-title-header'><div class=\"e-n-accordion-item-title-text\"> \u00bfC\u00f3mo mejora la IA la tramitaci\u00f3n de siniestros? <\/div><\/span>\n\t\t\t\t\t\t\t<span class='e-n-accordion-item-title-icon'>\n\t\t\t<span class='e-opened' ><svg aria-hidden=\"true\" class=\"e-font-icon-svg e-fas-caret-down\" viewBox=\"0 0 320 512\" xmlns=\"http:\/\/www.w3.org\/2000\/svg\"><path d=\"M31.3 192h257.3c17.8 0 26.7 21.5 14.1 34.1L174.1 354.8c-7.8 7.8-20.5 7.8-28.3 0L17.2 226.1C4.6 213.5 13.5 192 31.3 192z\"><\/path><\/svg><\/span>\n\t\t\t<span class='e-closed'><svg aria-hidden=\"true\" class=\"e-font-icon-svg e-fas-caret-right\" viewBox=\"0 0 192 512\" xmlns=\"http:\/\/www.w3.org\/2000\/svg\"><path d=\"M0 384.662V127.338c0-17.818 21.543-26.741 34.142-14.142l128.662 128.662c7.81 7.81 7.81 20.474 0 28.284L34.142 398.804C21.543 411.404 0 402.48 0 384.662z\"><\/path><\/svg><\/span>\n\t\t<\/span>\n\n\t\t\t\t\t\t<\/summary>\n\t\t\t\t<div role=\"region\" aria-labelledby=\"e-n-accordion-item-2030\" class=\"elementor-element elementor-element-a030990 e-con-full e-flex e-con e-child\" data-id=\"a030990\" data-element_type=\"container\">\n\t\t\t\t<div class=\"elementor-element elementor-element-db0837d elementor-widget elementor-widget-text-editor\" data-id=\"db0837d\" data-element_type=\"widget\" data-widget_type=\"text-editor.default\">\n\t\t\t\t\t\t\t\t\t<p>La IA gu\u00eda a los clientes a trav\u00e9s de la presentaci\u00f3n de reclamaciones, recopila documentos y proporciona actualizaciones en tiempo real, acelerando el proceso.<\/p>\t\t\t\t\t\t\t\t<\/div>\n\t\t\t\t<\/div>\n\t\t\t\t\t<\/details>\n\t\t\t\t\t\t<details id=\"e-n-accordion-item-2031\" class=\"e-n-accordion-item\" >\n\t\t\t\t<summary class=\"e-n-accordion-item-title\" data-accordion-index=\"2\" tabindex=\"-1\" aria-expanded=\"false\" aria-controls=\"e-n-accordion-item-2031\" >\n\t\t\t\t\t<span class='e-n-accordion-item-title-header'><div class=\"e-n-accordion-item-title-text\"> \u00bfEs la IA lo bastante segura para los datos de las aseguradoras? <\/div><\/span>\n\t\t\t\t\t\t\t<span class='e-n-accordion-item-title-icon'>\n\t\t\t<span class='e-opened' ><svg aria-hidden=\"true\" class=\"e-font-icon-svg e-fas-caret-down\" viewBox=\"0 0 320 512\" xmlns=\"http:\/\/www.w3.org\/2000\/svg\"><path d=\"M31.3 192h257.3c17.8 0 26.7 21.5 14.1 34.1L174.1 354.8c-7.8 7.8-20.5 7.8-28.3 0L17.2 226.1C4.6 213.5 13.5 192 31.3 192z\"><\/path><\/svg><\/span>\n\t\t\t<span class='e-closed'><svg aria-hidden=\"true\" class=\"e-font-icon-svg e-fas-caret-right\" viewBox=\"0 0 192 512\" xmlns=\"http:\/\/www.w3.org\/2000\/svg\"><path d=\"M0 384.662V127.338c0-17.818 21.543-26.741 34.142-14.142l128.662 128.662c7.81 7.81 7.81 20.474 0 28.284L34.142 398.804C21.543 411.404 0 402.48 0 384.662z\"><\/path><\/svg><\/span>\n\t\t<\/span>\n\n\t\t\t\t\t\t<\/summary>\n\t\t\t\t<div role=\"region\" aria-labelledby=\"e-n-accordion-item-2031\" class=\"elementor-element elementor-element-21426b9 e-con-full e-flex e-con e-child\" data-id=\"21426b9\" data-element_type=\"container\">\n\t\t\t\t<div class=\"elementor-element elementor-element-9d3f942 elementor-widget elementor-widget-text-editor\" data-id=\"9d3f942\" data-element_type=\"widget\" data-widget_type=\"text-editor.default\">\n\t\t\t\t\t\t\t\t\t<p>Absolutamente. Plataformas como Mindhunters.ai cumplen con estrictas normas de seguridad de datos y normativas (por ejemplo, GDPR).<\/p>\t\t\t\t\t\t\t\t<\/div>\n\t\t\t\t<\/div>\n\t\t\t\t\t<\/details>\n\t\t\t\t\t\t<details id=\"e-n-accordion-item-2032\" class=\"e-n-accordion-item\" >\n\t\t\t\t<summary class=\"e-n-accordion-item-title\" data-accordion-index=\"3\" tabindex=\"-1\" aria-expanded=\"false\" aria-controls=\"e-n-accordion-item-2032\" >\n\t\t\t\t\t<span class='e-n-accordion-item-title-header'><div class=\"e-n-accordion-item-title-text\"> \u00bfPuede la IA detectar reclamaciones fraudulentas? <\/div><\/span>\n\t\t\t\t\t\t\t<span class='e-n-accordion-item-title-icon'>\n\t\t\t<span class='e-opened' ><svg aria-hidden=\"true\" class=\"e-font-icon-svg e-fas-caret-down\" viewBox=\"0 0 320 512\" xmlns=\"http:\/\/www.w3.org\/2000\/svg\"><path d=\"M31.3 192h257.3c17.8 0 26.7 21.5 14.1 34.1L174.1 354.8c-7.8 7.8-20.5 7.8-28.3 0L17.2 226.1C4.6 213.5 13.5 192 31.3 192z\"><\/path><\/svg><\/span>\n\t\t\t<span class='e-closed'><svg aria-hidden=\"true\" class=\"e-font-icon-svg e-fas-caret-right\" viewBox=\"0 0 192 512\" xmlns=\"http:\/\/www.w3.org\/2000\/svg\"><path d=\"M0 384.662V127.338c0-17.818 21.543-26.741 34.142-14.142l128.662 128.662c7.81 7.81 7.81 20.474 0 28.284L34.142 398.804C21.543 411.404 0 402.48 0 384.662z\"><\/path><\/svg><\/span>\n\t\t<\/span>\n\n\t\t\t\t\t\t<\/summary>\n\t\t\t\t<div role=\"region\" aria-labelledby=\"e-n-accordion-item-2032\" class=\"elementor-element elementor-element-dbc31bc e-con-full e-flex e-con e-child\" data-id=\"dbc31bc\" data-element_type=\"container\">\n\t\t\t\t<div class=\"elementor-element elementor-element-b7d4def elementor-widget elementor-widget-text-editor\" data-id=\"b7d4def\" data-element_type=\"widget\" data-widget_type=\"text-editor.default\">\n\t\t\t\t\t\t\t\t\t<p data-start=\"1397\" data-end=\"1572\">S\u00ed. Mediante el an\u00e1lisis de patrones y anomal\u00edas, la IA puede se\u00f1alar las reclamaciones sospechosas para su posterior revisi\u00f3n.<\/p>\t\t\t\t\t\t\t\t<\/div>\n\t\t\t\t<\/div>\n\t\t\t\t\t<\/details>\n\t\t\t\t\t\t<details id=\"e-n-accordion-item-2033\" class=\"e-n-accordion-item\" >\n\t\t\t\t<summary class=\"e-n-accordion-item-title\" data-accordion-index=\"4\" tabindex=\"-1\" aria-expanded=\"false\" aria-controls=\"e-n-accordion-item-2033\" >\n\t\t\t\t\t<span class='e-n-accordion-item-title-header'><div class=\"e-n-accordion-item-title-text\"> \u00bfC\u00f3mo beneficia la IA a las ventas de seguros? <\/div><\/span>\n\t\t\t\t\t\t\t<span class='e-n-accordion-item-title-icon'>\n\t\t\t<span class='e-opened' ><svg aria-hidden=\"true\" class=\"e-font-icon-svg e-fas-caret-down\" viewBox=\"0 0 320 512\" xmlns=\"http:\/\/www.w3.org\/2000\/svg\"><path d=\"M31.3 192h257.3c17.8 0 26.7 21.5 14.1 34.1L174.1 354.8c-7.8 7.8-20.5 7.8-28.3 0L17.2 226.1C4.6 213.5 13.5 192 31.3 192z\"><\/path><\/svg><\/span>\n\t\t\t<span class='e-closed'><svg aria-hidden=\"true\" class=\"e-font-icon-svg e-fas-caret-right\" viewBox=\"0 0 192 512\" xmlns=\"http:\/\/www.w3.org\/2000\/svg\"><path d=\"M0 384.662V127.338c0-17.818 21.543-26.741 34.142-14.142l128.662 128.662c7.81 7.81 7.81 20.474 0 28.284L34.142 398.804C21.543 411.404 0 402.48 0 384.662z\"><\/path><\/svg><\/span>\n\t\t<\/span>\n\n\t\t\t\t\t\t<\/summary>\n\t\t\t\t<div role=\"region\" aria-labelledby=\"e-n-accordion-item-2033\" class=\"elementor-element elementor-element-9606892 e-con-full e-flex e-con e-child\" data-id=\"9606892\" data-element_type=\"container\">\n\t\t\t\t<div class=\"elementor-element elementor-element-3b70172 elementor-widget elementor-widget-text-editor\" data-id=\"3b70172\" data-element_type=\"widget\" data-widget_type=\"text-editor.default\">\n\t\t\t\t\t\t\t\t\t<p>La IA califica a los clientes potenciales, recomienda productos y programa consultas, mejorando la eficacia de las ventas.<\/p>\t\t\t\t\t\t\t\t<\/div>\n\t\t\t\t<\/div>\n\t\t\t\t\t<\/details>\n\t\t\t\t\t\t<details id=\"e-n-accordion-item-2034\" class=\"e-n-accordion-item\" >\n\t\t\t\t<summary class=\"e-n-accordion-item-title\" data-accordion-index=\"5\" tabindex=\"-1\" aria-expanded=\"false\" aria-controls=\"e-n-accordion-item-2034\" >\n\t\t\t\t\t<span class='e-n-accordion-item-title-header'><div class=\"e-n-accordion-item-title-text\"> \u00bfCu\u00e1les son las mayores ventajas para las aseguradoras? <\/div><\/span>\n\t\t\t\t\t\t\t<span class='e-n-accordion-item-title-icon'>\n\t\t\t<span class='e-opened' ><svg aria-hidden=\"true\" class=\"e-font-icon-svg e-fas-caret-down\" viewBox=\"0 0 320 512\" xmlns=\"http:\/\/www.w3.org\/2000\/svg\"><path d=\"M31.3 192h257.3c17.8 0 26.7 21.5 14.1 34.1L174.1 354.8c-7.8 7.8-20.5 7.8-28.3 0L17.2 226.1C4.6 213.5 13.5 192 31.3 192z\"><\/path><\/svg><\/span>\n\t\t\t<span class='e-closed'><svg aria-hidden=\"true\" class=\"e-font-icon-svg e-fas-caret-right\" viewBox=\"0 0 192 512\" xmlns=\"http:\/\/www.w3.org\/2000\/svg\"><path d=\"M0 384.662V127.338c0-17.818 21.543-26.741 34.142-14.142l128.662 128.662c7.81 7.81 7.81 20.474 0 28.284L34.142 398.804C21.543 411.404 0 402.48 0 384.662z\"><\/path><\/svg><\/span>\n\t\t<\/span>\n\n\t\t\t\t\t\t<\/summary>\n\t\t\t\t<div role=\"region\" aria-labelledby=\"e-n-accordion-item-2034\" class=\"elementor-element elementor-element-6b4f7c3 e-con-full e-flex e-con e-child\" data-id=\"6b4f7c3\" data-element_type=\"container\">\n\t\t\t\t<div class=\"elementor-element elementor-element-548a95e elementor-widget elementor-widget-text-editor\" data-id=\"548a95e\" data-element_type=\"widget\" data-widget_type=\"text-editor.default\">\n\t\t\t\t\t\t\t\t\t<p>Siniestros m\u00e1s r\u00e1pidos, costes reducidos, mejor servicio al cliente y mayor confianza y retenci\u00f3n.<\/p>\t\t\t\t\t\t\t\t<\/div>\n\t\t\t\t<\/div>\n\t\t\t\t\t<\/details>\n\t\t\t\t\t<\/div>\n\t\t\t\t\t<script type=\"application\/ld+json\">{\"@context\":\"https:\\\/\\\/schema.org\",\"@type\":\"FAQPage\",\"mainEntity\":[{\"@type\":\"Question\",\"name\":\"\\u00bfC\\u00f3mo mejora la IA la tramitaci\\u00f3n de siniestros?\",\"acceptedAnswer\":{\"@type\":\"Answer\",\"text\":\"La IA gu\\u00eda a los clientes a trav\\u00e9s de la presentaci\\u00f3n de reclamaciones, recopila documentos y proporciona actualizaciones en tiempo real, acelerando el proceso.\"}},{\"@type\":\"Question\",\"name\":\"\\u00bfEs la IA lo bastante segura para los datos de las aseguradoras?\",\"acceptedAnswer\":{\"@type\":\"Answer\",\"text\":\"Absolutamente. Plataformas como Mindhunters.ai cumplen con estrictas normas de seguridad de datos y normativas (por ejemplo, GDPR).\"}},{\"@type\":\"Question\",\"name\":\"\\u00bfPuede la IA detectar reclamaciones fraudulentas?\",\"acceptedAnswer\":{\"@type\":\"Answer\",\"text\":\"S\\u00ed. Mediante el an\\u00e1lisis de patrones y anomal\\u00edas, la IA puede se\\u00f1alar las reclamaciones sospechosas para su posterior revisi\\u00f3n.\"}},{\"@type\":\"Question\",\"name\":\"\\u00bfC\\u00f3mo beneficia la IA a las ventas de seguros?\",\"acceptedAnswer\":{\"@type\":\"Answer\",\"text\":\"La IA califica a los clientes potenciales, recomienda productos y programa consultas, mejorando la eficacia de las ventas.\"}},{\"@type\":\"Question\",\"name\":\"\\u00bfCu\\u00e1les son las mayores ventajas para las aseguradoras?\",\"acceptedAnswer\":{\"@type\":\"Answer\",\"text\":\"Siniestros m\\u00e1s r\\u00e1pidos, costes reducidos, mejor servicio al cliente y mayor confianza y retenci\\u00f3n.\"}}]}<\/script>\n\t\t\t\t\t\t\t<\/div>\n\t\t\t\t<\/div>\n\t\t<div class=\"elementor-element elementor-element-7701770 e-flex e-con-boxed e-con e-parent\" data-id=\"7701770\" data-element_type=\"container\">\n\t\t\t\t\t<div class=\"e-con-inner\">\n\t\t<div class=\"elementor-element elementor-element-7a16cd7 e-con-full e-flex e-con e-child\" data-id=\"7a16cd7\" data-element_type=\"container\">\n\t\t\t\t<div class=\"elementor-element elementor-element-0836582 elementor-widget elementor-widget-image\" data-id=\"0836582\" data-element_type=\"widget\" data-widget_type=\"image.default\">\n\t\t\t\t\t\t\t\t\t\t\t\t\t\t\t<img decoding=\"async\" width=\"150\" height=\"150\" src=\"https:\/\/www.mindhunters.ai\/blog\/wp-content\/uploads\/2025\/08\/volkan-demir-ai-editor.jpg\" class=\"attachment-large size-large wp-image-308\" alt=\"\" \/>\t\t\t\t\t\t\t\t\t\t\t\t\t\t\t<\/div>\n\t\t\t\t<div class=\"elementor-element elementor-element-f9da766 elementor-shape-circle e-grid-align-left elementor-grid-0 elementor-widget elementor-widget-social-icons\" data-id=\"f9da766\" data-element_type=\"widget\" data-widget_type=\"social-icons.default\">\n\t\t\t\t\t\t\t<div class=\"elementor-social-icons-wrapper elementor-grid\" role=\"list\">\n\t\t\t\t\t\t\t<span class=\"elementor-grid-item\" role=\"listitem\">\n\t\t\t\t\t<a class=\"elementor-icon elementor-social-icon elementor-social-icon-linkedin elementor-repeater-item-a8d7022\" href=\"https:\/\/www.linkedin.com\/in\/volkan-demir-marketing\/\" target=\"_blank\" rel=\"nofollow noopener\">\n\t\t\t\t\t\t<span class=\"elementor-screen-only\">Linkedin<\/span>\n\t\t\t\t\t\t<svg aria-hidden=\"true\" class=\"e-font-icon-svg e-fab-linkedin\" viewBox=\"0 0 448 512\" xmlns=\"http:\/\/www.w3.org\/2000\/svg\"><path d=\"M416 32H31.9C14.3 32 0 46.5 0 64.3v383.4C0 465.5 14.3 480 31.9 480H416c17.6 0 32-14.5 32-32.3V64.3c0-17.8-14.4-32.3-32-32.3zM135.4 416H69V202.2h66.5V416zm-33.2-243c-21.3 0-38.5-17.3-38.5-38.5S80.9 96 102.2 96c21.2 0 38.5 17.3 38.5 38.5 0 21.3-17.2 38.5-38.5 38.5zm282.1 243h-66.4V312c0-24.8-.5-56.7-34.5-56.7-34.6 0-39.9 27-39.9 54.9V416h-66.4V202.2h63.7v29.2h.9c8.9-16.8 30.6-34.5 62.9-34.5 67.2 0 79.7 44.3 79.7 101.9V416z\"><\/path><\/svg>\t\t\t\t\t<\/a>\n\t\t\t\t<\/span>\n\t\t\t\t\t\t\t<span class=\"elementor-grid-item\" role=\"listitem\">\n\t\t\t\t\t<a class=\"elementor-icon elementor-social-icon elementor-social-icon-instagram elementor-repeater-item-020861c\" href=\"https:\/\/www.instagram.com\/vdemir1981\/\" target=\"_blank\" rel=\"nofollow noopener\">\n\t\t\t\t\t\t<span class=\"elementor-screen-only\">Instagram<\/span>\n\t\t\t\t\t\t<svg aria-hidden=\"true\" class=\"e-font-icon-svg e-fab-instagram\" viewBox=\"0 0 448 512\" xmlns=\"http:\/\/www.w3.org\/2000\/svg\"><path d=\"M224.1 141c-63.6 0-114.9 51.3-114.9 114.9s51.3 114.9 114.9 114.9S339 319.5 339 255.9 287.7 141 224.1 141zm0 189.6c-41.1 0-74.7-33.5-74.7-74.7s33.5-74.7 74.7-74.7 74.7 33.5 74.7 74.7-33.6 74.7-74.7 74.7zm146.4-194.3c0 14.9-12 26.8-26.8 26.8-14.9 0-26.8-12-26.8-26.8s12-26.8 26.8-26.8 26.8 12 26.8 26.8zm76.1 27.2c-1.7-35.9-9.9-67.7-36.2-93.9-26.2-26.2-58-34.4-93.9-36.2-37-2.1-147.9-2.1-184.9 0-35.8 1.7-67.6 9.9-93.9 36.1s-34.4 58-36.2 93.9c-2.1 37-2.1 147.9 0 184.9 1.7 35.9 9.9 67.7 36.2 93.9s58 34.4 93.9 36.2c37 2.1 147.9 2.1 184.9 0 35.9-1.7 67.7-9.9 93.9-36.2 26.2-26.2 34.4-58 36.2-93.9 2.1-37 2.1-147.8 0-184.8zM398.8 388c-7.8 19.6-22.9 34.7-42.6 42.6-29.5 11.7-99.5 9-132.1 9s-102.7 2.6-132.1-9c-19.6-7.8-34.7-22.9-42.6-42.6-11.7-29.5-9-99.5-9-132.1s-2.6-102.7 9-132.1c7.8-19.6 22.9-34.7 42.6-42.6 29.5-11.7 99.5-9 132.1-9s102.7-2.6 132.1 9c19.6 7.8 34.7 22.9 42.6 42.6 11.7 29.5 9 99.5 9 132.1s2.7 102.7-9 132.1z\"><\/path><\/svg>\t\t\t\t\t<\/a>\n\t\t\t\t<\/span>\n\t\t\t\t\t<\/div>\n\t\t\t\t\t\t<\/div>\n\t\t\t\t<\/div>\n\t\t<div class=\"elementor-element elementor-element-e53cebd e-con-full e-flex e-con e-child\" data-id=\"e53cebd\" data-element_type=\"container\" data-settings=\"{&quot;background_background&quot;:&quot;classic&quot;}\">\n\t\t\t\t<div class=\"elementor-element elementor-element-d24e2b9 elementor-widget elementor-widget-heading\" data-id=\"d24e2b9\" data-element_type=\"widget\" data-widget_type=\"heading.default\">\n\t\t\t\t\t<span class=\"elementor-heading-title elementor-size-default\"><a href=\"https:\/\/www.mindhunters.ai\/blog\/volkan-demir\/\">Volkan Demir<\/a><\/span>\t\t\t\t<\/div>\n\t\t\t\t<div class=\"elementor-element elementor-element-77687cd elementor-widget elementor-widget-text-editor\" data-id=\"77687cd\" data-element_type=\"widget\" data-widget_type=\"text-editor.default\">\n\t\t\t\t\t\t\t\t\t<p>Volkan Demir es cofundador de Mindhunters.ai &#8211; Intelligent Sales &amp; Customer Engagement, una plataforma que aprovecha la IA conversacional para transformar la forma en que las empresas venden y prestan asistencia a escala.  <\/p>\t\t\t\t\t\t\t\t<\/div>\n\t\t\t\t<\/div>\n\t\t\t\t\t<\/div>\n\t\t\t\t<\/div>\n\t\t\t\t<\/div>\n\t\t","protected":false},"excerpt":{"rendered":"<p>El sector de los seguros evoluciona r\u00e1pidamente a medida que los clientes exigen experiencias m\u00e1s r\u00e1pidas, sencillas y transparentes. Desde [&hellip;]<\/p>\n","protected":false},"author":3,"featured_media":369,"parent":0,"menu_order":0,"comment_status":"open","ping_status":"closed","template":"elementor_header_footer","meta":{"site-sidebar-layout":"default","site-content-layout":"","ast-site-content-layout":"default","site-content-style":"default","site-sidebar-style":"default","ast-global-header-display":"","ast-banner-title-visibility":"","ast-main-header-display":"","ast-hfb-above-header-display":"","ast-hfb-below-header-display":"","ast-hfb-mobile-header-display":"","site-post-title":"","ast-breadcrumbs-content":"","ast-featured-img":"","footer-sml-layout":"","theme-transparent-header-meta":"","adv-header-id-meta":"","stick-header-meta":"","header-above-stick-meta":"","header-main-stick-meta":"","header-below-stick-meta":"","astra-migrate-meta-layouts":"default","ast-page-background-enabled":"default","ast-page-background-meta":{"desktop":{"background-color":"var(--ast-global-color-5)","background-image":"","background-repeat":"repeat","background-position":"center center","background-size":"auto","background-attachment":"scroll","background-type":"","background-media":"","overlay-type":"","overlay-color":"","overlay-opacity":"","overlay-gradient":""},"tablet":{"background-color":"","background-image":"","background-repeat":"repeat","background-position":"center center","background-size":"auto","background-attachment":"scroll","background-type":"","background-media":"","overlay-type":"","overlay-color":"","overlay-opacity":"","overlay-gradient":""},"mobile":{"background-color":"","background-image":"","background-repeat":"repeat","background-position":"center center","background-size":"auto","background-attachment":"scroll","background-type":"","background-media":"","overlay-type":"","overlay-color":"","overlay-opacity":"","overlay-gradient":""}},"ast-content-background-meta":{"desktop":{"background-color":"var(--ast-global-color-4)","background-image":"","background-repeat":"repeat","background-position":"center center","background-size":"auto","background-attachment":"scroll","background-type":"","background-media":"","overlay-type":"","overlay-color":"","overlay-opacity":"","overlay-gradient":""},"tablet":{"background-color":"var(--ast-global-color-4)","background-image":"","background-repeat":"repeat","background-position":"center center","background-size":"auto","background-attachment":"scroll","background-type":"","background-media":"","overlay-type":"","overlay-color":"","overlay-opacity":"","overlay-gradient":""},"mobile":{"background-color":"var(--ast-global-color-4)","background-image":"","background-repeat":"repeat","background-position":"center center","background-size":"auto","background-attachment":"scroll","background-type":"","background-media":"","overlay-type":"","overlay-color":"","overlay-opacity":"","overlay-gradient":""}},"footnotes":""},"class_list":["post-458","page","type-page","status-publish","has-post-thumbnail","hentry"],"_links":{"self":[{"href":"https:\/\/www.mindhunters.ai\/blog\/es\/wp-json\/wp\/v2\/pages\/458","targetHints":{"allow":["GET"]}}],"collection":[{"href":"https:\/\/www.mindhunters.ai\/blog\/es\/wp-json\/wp\/v2\/pages"}],"about":[{"href":"https:\/\/www.mindhunters.ai\/blog\/es\/wp-json\/wp\/v2\/types\/page"}],"author":[{"embeddable":true,"href":"https:\/\/www.mindhunters.ai\/blog\/es\/wp-json\/wp\/v2\/users\/3"}],"replies":[{"embeddable":true,"href":"https:\/\/www.mindhunters.ai\/blog\/es\/wp-json\/wp\/v2\/comments?post=458"}],"version-history":[{"count":0,"href":"https:\/\/www.mindhunters.ai\/blog\/es\/wp-json\/wp\/v2\/pages\/458\/revisions"}],"wp:featuredmedia":[{"embeddable":true,"href":"https:\/\/www.mindhunters.ai\/blog\/es\/wp-json\/wp\/v2\/media\/369"}],"wp:attachment":[{"href":"https:\/\/www.mindhunters.ai\/blog\/es\/wp-json\/wp\/v2\/media?parent=458"}],"curies":[{"name":"wp","href":"https:\/\/api.w.org\/{rel}","templated":true}]}}