{"id":479,"date":"2025-08-12T07:37:34","date_gmt":"2025-08-12T07:37:34","guid":{"rendered":"https:\/\/www.mindhunters.ai\/blog\/ai-llamada-en-frio-que-es-y-como-funciona\/"},"modified":"2025-09-02T07:55:06","modified_gmt":"2025-09-02T07:55:06","slug":"ai-llamada-en-frio-que-es-y-como-funciona","status":"publish","type":"page","link":"https:\/\/www.mindhunters.ai\/blog\/es\/ai-llamada-en-frio-que-es-y-como-funciona\/","title":{"rendered":"AI Llamada en fr\u00edo: Qu\u00e9 es y c\u00f3mo funciona"},"content":{"rendered":"\t\t<div data-elementor-type=\"wp-post\" data-elementor-id=\"479\" class=\"elementor elementor-479 elementor-204\" data-elementor-post-type=\"page\">\n\t\t\t\t<div class=\"elementor-element elementor-element-3e6e842 e-flex e-con-boxed e-con e-parent\" data-id=\"3e6e842\" data-element_type=\"container\">\n\t\t\t\t\t<div class=\"e-con-inner\">\n\t\t\t\t\t<\/div>\n\t\t\t\t<\/div>\n\t\t<div class=\"elementor-element elementor-element-63aaa2a2 e-flex e-con-boxed e-con e-parent\" data-id=\"63aaa2a2\" data-element_type=\"container\">\n\t\t\t\t\t<div class=\"e-con-inner\">\n\t\t\t\t<div class=\"elementor-element elementor-element-789a451 elementor-widget elementor-widget-heading\" data-id=\"789a451\" data-element_type=\"widget\" data-widget_type=\"heading.default\">\n\t\t\t\t\t<h1 class=\"elementor-heading-title elementor-size-default\">AI Llamada en fr\u00edo: Qu\u00e9 es y c\u00f3mo funciona<\/h1>\t\t\t\t<\/div>\n\t\t\t\t\t<\/div>\n\t\t\t\t<\/div>\n\t\t<div class=\"elementor-element elementor-element-ebde107 e-flex e-con-boxed e-con e-parent\" data-id=\"ebde107\" data-element_type=\"container\">\n\t\t\t\t\t<div class=\"e-con-inner\">\n\t\t\t\t<div class=\"elementor-element elementor-element-f4a4cb5 elementor-widget elementor-widget-image\" data-id=\"f4a4cb5\" data-element_type=\"widget\" data-widget_type=\"image.default\">\n\t\t\t\t\t\t\t\t\t\t\t\t\t\t\t<img fetchpriority=\"high\" decoding=\"async\" width=\"1022\" height=\"582\" src=\"https:\/\/www.mindhunters.ai\/blog\/wp-content\/uploads\/2025\/09\/ai-cold-calling-system.webp\" class=\"attachment-large size-large wp-image-385\" alt=\"\" srcset=\"https:\/\/www.mindhunters.ai\/blog\/wp-content\/uploads\/2025\/09\/ai-cold-calling-system.webp 1022w, https:\/\/www.mindhunters.ai\/blog\/wp-content\/uploads\/2025\/09\/ai-cold-calling-system-300x171.webp 300w, https:\/\/www.mindhunters.ai\/blog\/wp-content\/uploads\/2025\/09\/ai-cold-calling-system-768x437.webp 768w\" sizes=\"(max-width: 1022px) 100vw, 1022px\" \/>\t\t\t\t\t\t\t\t\t\t\t\t\t\t\t<\/div>\n\t\t\t\t<div class=\"elementor-element elementor-element-7c5bffd elementor-widget elementor-widget-text-editor\" data-id=\"7c5bffd\" data-element_type=\"widget\" data-widget_type=\"text-editor.default\">\n\t\t\t\t\t\t\t\t\t<p data-start=\"752\" data-end=\"1289\">Las llamadas en fr\u00edo siempre han sido una parte dif\u00edcil de las ventas: requieren mucho tiempo, son repetitivas y a menudo se topan con resistencia. En 2025, la Inteligencia Artificial ha redefinido el juego. Las <strong data-start=\"893\" data-end=\"912\">llamadas en fr\u00edo con IA<\/strong> ya no consisten en marcar n\u00fameros a ciegas; se trata de un contacto inteligente basado en datos, personalizaci\u00f3n y automatizaci\u00f3n. Con <strong data-start=\"1044\" data-end=\"1104\">Mindhunters.ai &#8211; Intelligent Sales &amp; Customer Engagement<\/strong>, los equipos de ventas pueden captar clientes potenciales m\u00e1s r\u00e1pido, con mensajes relevantes y a una escala que era imposible con el esfuerzo puramente humano.  <\/p>\t\t\t\t\t\t\t\t<\/div>\n\t\t\t\t<div class=\"elementor-element elementor-element-d43f3c0 elementor-widget elementor-widget-heading\" data-id=\"d43f3c0\" data-element_type=\"widget\" data-widget_type=\"heading.default\">\n\t\t\t\t\t<h2 class=\"elementor-heading-title elementor-size-default\">\u00bfQu\u00e9 es la AI Cold Calling?<\/h2>\t\t\t\t<\/div>\n\t\t\t\t<div class=\"elementor-element elementor-element-c52b7ce elementor-widget elementor-widget-text-editor\" data-id=\"c52b7ce\" data-element_type=\"widget\" data-widget_type=\"text-editor.default\">\n\t\t\t\t\t\t\t\t\t<p>La llamada en fr\u00edo con IA utiliza tecnolog\u00edas avanzadas como el procesamiento del lenguaje natural (PLN), el aprendizaje autom\u00e1tico y el an\u00e1lisis predictivo para automatizar y optimizar el proceso de llamadas salientes. En lugar de crear listas manualmente y adivinar el mejor momento para llamar, plataformas como Mindhunters.ai analizan los datos de los clientes potenciales, determinan el momento ideal para llegar a ellos e incluso ofrecen conversaciones naturales que se adaptan en tiempo real. Esto se traduce en menos cuelgues, mayores tasas de compromiso y conversaciones m\u00e1s significativas.  <\/p>\t\t\t\t\t\t\t\t<\/div>\n\t\t\t\t<div class=\"elementor-element elementor-element-7663363 elementor-widget elementor-widget-heading\" data-id=\"7663363\" data-element_type=\"widget\" data-widget_type=\"heading.default\">\n\t\t\t\t\t<h2 class=\"elementor-heading-title elementor-size-default\">C\u00f3mo funciona la telemarketing con inteligencia artificial con Mindhunters.ai<\/h2>\t\t\t\t<\/div>\n\t\t\t\t<div class=\"elementor-element elementor-element-732a1fc elementor-widget elementor-widget-text-editor\" data-id=\"732a1fc\" data-element_type=\"widget\" data-widget_type=\"text-editor.default\">\n\t\t\t\t\t\t\t\t\t<p data-start=\"1851\" data-end=\"2383\">El proceso comienza con <strong data-start=\"1875\" data-end=\"1894\">el enriquecimiento de datos<\/strong>, en el que la IA analiza los registros de CRM, los datos de mercado y las interacciones anteriores para crear un perfil preciso del cliente potencial. A continuaci\u00f3n, la IA programa las llamadas en el momento \u00f3ptimo, adaptando los guiones en funci\u00f3n del sector, la funci\u00f3n y el comportamiento anterior. Durante la llamada, los agentes de IA de <strong data-start=\"2133\" data-end=\"2151\">Mindhunters.ai<\/strong>pueden gestionar objeciones, responder a preguntas sobre productos y cualificar clientes potenciales, pasando sin problemas los clientes potenciales de alto inter\u00e9s a representantes humanos cuando sea necesario. \u00bfCu\u00e1l es el resultado? Un canal de ventas lleno de oportunidades m\u00e1s c\u00e1lidas y mejor cualificadas.    <\/p>\t\t\t\t\t\t\t\t<\/div>\n\t\t\t\t<div class=\"elementor-element elementor-element-0bfaf55 elementor-widget elementor-widget-heading\" data-id=\"0bfaf55\" data-element_type=\"widget\" data-widget_type=\"heading.default\">\n\t\t\t\t\t<h2 class=\"elementor-heading-title elementor-size-default\">Impacto en los equipos de ventas<\/h2>\t\t\t\t<\/div>\n\t\t\t\t<div class=\"elementor-element elementor-element-c0d4b37 elementor-widget elementor-widget-text-editor\" data-id=\"c0d4b37\" data-element_type=\"widget\" data-widget_type=\"text-editor.default\">\n\t\t\t\t\t\t\t\t\t<p data-start=\"2429\" data-end=\"2904\">Las llamadas en fr\u00edo con IA no sustituyen a los vendedores humanos, sino que los potencian. Al automatizar la marcaci\u00f3n repetitiva, dejar mensajes de voz y gestionar objeciones comunes, la IA libera a los vendedores humanos para que se centren en conversaciones de alto valor y en cerrar acuerdos. Los equipos de ventas que utilizan Mindhunters.ai informan de <strong data-start=\"2705\" data-end=\"2780\">mayores tasas de conversi\u00f3n, menores tiempos de respuesta y menor agotamiento<\/strong>. En un mercado competitivo, esta combinaci\u00f3n de velocidad, personalizaci\u00f3n y eficiencia puede ser la ventaja definitiva en ventas.   <\/p>\t\t\t\t\t\t\t\t<\/div>\n\t\t\t\t\t<\/div>\n\t\t\t\t<\/div>\n\t\t<div class=\"elementor-element elementor-element-807e0de e-con-full e-flex e-con e-parent\" data-id=\"807e0de\" data-element_type=\"container\" data-settings=\"{&quot;background_background&quot;:&quot;classic&quot;}\">\n\t\t\t\t<div class=\"elementor-element elementor-element-fcc7806 elementor-widget elementor-widget-heading\" data-id=\"fcc7806\" data-element_type=\"widget\" data-widget_type=\"heading.default\">\n\t\t\t\t\t<h2 class=\"elementor-heading-title elementor-size-default\">FaQ's<\/h2>\t\t\t\t<\/div>\n\t\t\t\t<div class=\"elementor-element elementor-element-135d614 elementor-widget elementor-widget-n-accordion\" data-id=\"135d614\" data-element_type=\"widget\" data-settings=\"{&quot;n_accordion_animation_duration&quot;:{&quot;unit&quot;:&quot;ms&quot;,&quot;size&quot;:200,&quot;sizes&quot;:[]},&quot;default_state&quot;:&quot;expanded&quot;,&quot;max_items_expended&quot;:&quot;one&quot;}\" data-widget_type=\"nested-accordion.default\">\n\t\t\t\t\t\t\t<div class=\"e-n-accordion\" aria-label=\"Accordion. Open links with Enter or Space, close with Escape, and navigate with Arrow Keys\">\n\t\t\t\t\t\t<details id=\"e-n-accordion-item-2030\" class=\"e-n-accordion-item\" open>\n\t\t\t\t<summary class=\"e-n-accordion-item-title\" data-accordion-index=\"1\" tabindex=\"0\" aria-expanded=\"true\" aria-controls=\"e-n-accordion-item-2030\" >\n\t\t\t\t\t<span class='e-n-accordion-item-title-header'><div class=\"e-n-accordion-item-title-text\"> \u00bfEn qu\u00e9 se diferencia la llamada en fr\u00edo con IA de la llamada en fr\u00edo tradicional? <\/div><\/span>\n\t\t\t\t\t\t\t<span class='e-n-accordion-item-title-icon'>\n\t\t\t<span class='e-opened' ><svg aria-hidden=\"true\" class=\"e-font-icon-svg e-fas-caret-down\" viewBox=\"0 0 320 512\" xmlns=\"http:\/\/www.w3.org\/2000\/svg\"><path d=\"M31.3 192h257.3c17.8 0 26.7 21.5 14.1 34.1L174.1 354.8c-7.8 7.8-20.5 7.8-28.3 0L17.2 226.1C4.6 213.5 13.5 192 31.3 192z\"><\/path><\/svg><\/span>\n\t\t\t<span class='e-closed'><svg aria-hidden=\"true\" class=\"e-font-icon-svg e-fas-caret-right\" viewBox=\"0 0 192 512\" xmlns=\"http:\/\/www.w3.org\/2000\/svg\"><path d=\"M0 384.662V127.338c0-17.818 21.543-26.741 34.142-14.142l128.662 128.662c7.81 7.81 7.81 20.474 0 28.284L34.142 398.804C21.543 411.404 0 402.48 0 384.662z\"><\/path><\/svg><\/span>\n\t\t<\/span>\n\n\t\t\t\t\t\t<\/summary>\n\t\t\t\t<div role=\"region\" aria-labelledby=\"e-n-accordion-item-2030\" class=\"elementor-element elementor-element-a030990 e-con-full e-flex e-con e-child\" data-id=\"a030990\" data-element_type=\"container\">\n\t\t\t\t<div class=\"elementor-element elementor-element-db0837d elementor-widget elementor-widget-text-editor\" data-id=\"db0837d\" data-element_type=\"widget\" data-widget_type=\"text-editor.default\">\n\t\t\t\t\t\t\t\t\t<p>La llamada en fr\u00edo con IA utiliza la automatizaci\u00f3n, el an\u00e1lisis de datos y guiones adaptables para realizar llamadas m\u00e1s espec\u00edficas, eficientes y eficaces que la marcaci\u00f3n manual.<\/p>\t\t\t\t\t\t\t\t<\/div>\n\t\t\t\t<\/div>\n\t\t\t\t\t<\/details>\n\t\t\t\t\t\t<details id=\"e-n-accordion-item-2031\" class=\"e-n-accordion-item\" >\n\t\t\t\t<summary class=\"e-n-accordion-item-title\" data-accordion-index=\"2\" tabindex=\"-1\" aria-expanded=\"false\" aria-controls=\"e-n-accordion-item-2031\" >\n\t\t\t\t\t<span class='e-n-accordion-item-title-header'><div class=\"e-n-accordion-item-title-text\"> \u00bfFunciona la llamada en fr\u00edo con IA para B2B y B2C? <\/div><\/span>\n\t\t\t\t\t\t\t<span class='e-n-accordion-item-title-icon'>\n\t\t\t<span class='e-opened' ><svg aria-hidden=\"true\" class=\"e-font-icon-svg e-fas-caret-down\" viewBox=\"0 0 320 512\" xmlns=\"http:\/\/www.w3.org\/2000\/svg\"><path d=\"M31.3 192h257.3c17.8 0 26.7 21.5 14.1 34.1L174.1 354.8c-7.8 7.8-20.5 7.8-28.3 0L17.2 226.1C4.6 213.5 13.5 192 31.3 192z\"><\/path><\/svg><\/span>\n\t\t\t<span class='e-closed'><svg aria-hidden=\"true\" class=\"e-font-icon-svg e-fas-caret-right\" viewBox=\"0 0 192 512\" xmlns=\"http:\/\/www.w3.org\/2000\/svg\"><path d=\"M0 384.662V127.338c0-17.818 21.543-26.741 34.142-14.142l128.662 128.662c7.81 7.81 7.81 20.474 0 28.284L34.142 398.804C21.543 411.404 0 402.48 0 384.662z\"><\/path><\/svg><\/span>\n\t\t<\/span>\n\n\t\t\t\t\t\t<\/summary>\n\t\t\t\t<div role=\"region\" aria-labelledby=\"e-n-accordion-item-2031\" class=\"elementor-element elementor-element-21426b9 e-con-full e-flex e-con e-child\" data-id=\"21426b9\" data-element_type=\"container\">\n\t\t\t\t<div class=\"elementor-element elementor-element-9d3f942 elementor-widget elementor-widget-text-editor\" data-id=\"9d3f942\" data-element_type=\"widget\" data-widget_type=\"text-editor.default\">\n\t\t\t\t\t\t\t\t\t<p>Por supuesto. La IA puede entrenarse tanto para la difusi\u00f3n B2B como B2C, ajustando el tono, el gui\u00f3n y el tiempo para adaptarse a la audiencia. <\/p>\t\t\t\t\t\t\t\t<\/div>\n\t\t\t\t<\/div>\n\t\t\t\t\t<\/details>\n\t\t\t\t\t\t<details id=\"e-n-accordion-item-2032\" class=\"e-n-accordion-item\" >\n\t\t\t\t<summary class=\"e-n-accordion-item-title\" data-accordion-index=\"3\" tabindex=\"-1\" aria-expanded=\"false\" aria-controls=\"e-n-accordion-item-2032\" >\n\t\t\t\t\t<span class='e-n-accordion-item-title-header'><div class=\"e-n-accordion-item-title-text\"> \u00bfEs legal la telemarketing? <\/div><\/span>\n\t\t\t\t\t\t\t<span class='e-n-accordion-item-title-icon'>\n\t\t\t<span class='e-opened' ><svg aria-hidden=\"true\" class=\"e-font-icon-svg e-fas-caret-down\" viewBox=\"0 0 320 512\" xmlns=\"http:\/\/www.w3.org\/2000\/svg\"><path d=\"M31.3 192h257.3c17.8 0 26.7 21.5 14.1 34.1L174.1 354.8c-7.8 7.8-20.5 7.8-28.3 0L17.2 226.1C4.6 213.5 13.5 192 31.3 192z\"><\/path><\/svg><\/span>\n\t\t\t<span class='e-closed'><svg aria-hidden=\"true\" class=\"e-font-icon-svg e-fas-caret-right\" viewBox=\"0 0 192 512\" xmlns=\"http:\/\/www.w3.org\/2000\/svg\"><path d=\"M0 384.662V127.338c0-17.818 21.543-26.741 34.142-14.142l128.662 128.662c7.81 7.81 7.81 20.474 0 28.284L34.142 398.804C21.543 411.404 0 402.48 0 384.662z\"><\/path><\/svg><\/span>\n\t\t<\/span>\n\n\t\t\t\t\t\t<\/summary>\n\t\t\t\t<div role=\"region\" aria-labelledby=\"e-n-accordion-item-2032\" class=\"elementor-element elementor-element-dbc31bc e-con-full e-flex e-con e-child\" data-id=\"dbc31bc\" data-element_type=\"container\">\n\t\t\t\t<div class=\"elementor-element elementor-element-b7d4def elementor-widget elementor-widget-text-editor\" data-id=\"b7d4def\" data-element_type=\"widget\" data-widget_type=\"text-editor.default\">\n\t\t\t\t\t\t\t\t\t<p data-start=\"1397\" data-end=\"1572\">S\u00ed, siempre que las empresas cumplan la normativa local sobre llamadas y leyes de privacidad como GDPR o TCPA.<\/p>\t\t\t\t\t\t\t\t<\/div>\n\t\t\t\t<\/div>\n\t\t\t\t\t<\/details>\n\t\t\t\t\t\t<details id=\"e-n-accordion-item-2033\" class=\"e-n-accordion-item\" >\n\t\t\t\t<summary class=\"e-n-accordion-item-title\" data-accordion-index=\"4\" tabindex=\"-1\" aria-expanded=\"false\" aria-controls=\"e-n-accordion-item-2033\" >\n\t\t\t\t\t<span class='e-n-accordion-item-title-header'><div class=\"e-n-accordion-item-title-text\"> \u00bfMejoran las tasas de conversi\u00f3n las llamadas en fr\u00edo con IA? <\/div><\/span>\n\t\t\t\t\t\t\t<span class='e-n-accordion-item-title-icon'>\n\t\t\t<span class='e-opened' ><svg aria-hidden=\"true\" class=\"e-font-icon-svg e-fas-caret-down\" viewBox=\"0 0 320 512\" xmlns=\"http:\/\/www.w3.org\/2000\/svg\"><path d=\"M31.3 192h257.3c17.8 0 26.7 21.5 14.1 34.1L174.1 354.8c-7.8 7.8-20.5 7.8-28.3 0L17.2 226.1C4.6 213.5 13.5 192 31.3 192z\"><\/path><\/svg><\/span>\n\t\t\t<span class='e-closed'><svg aria-hidden=\"true\" class=\"e-font-icon-svg e-fas-caret-right\" viewBox=\"0 0 192 512\" xmlns=\"http:\/\/www.w3.org\/2000\/svg\"><path d=\"M0 384.662V127.338c0-17.818 21.543-26.741 34.142-14.142l128.662 128.662c7.81 7.81 7.81 20.474 0 28.284L34.142 398.804C21.543 411.404 0 402.48 0 384.662z\"><\/path><\/svg><\/span>\n\t\t<\/span>\n\n\t\t\t\t\t\t<\/summary>\n\t\t\t\t<div role=\"region\" aria-labelledby=\"e-n-accordion-item-2033\" class=\"elementor-element elementor-element-9606892 e-con-full e-flex e-con e-child\" data-id=\"9606892\" data-element_type=\"container\">\n\t\t\t\t<div class=\"elementor-element elementor-element-3b70172 elementor-widget elementor-widget-text-editor\" data-id=\"3b70172\" data-element_type=\"widget\" data-widget_type=\"text-editor.default\">\n\t\t\t\t\t\t\t\t\t<p>S\u00ed. Al dirigirse a los clientes potenciales adecuados en el momento oportuno con mensajes pertinentes, la IA suele superar a la divulgaci\u00f3n tradicional. <\/p>\t\t\t\t\t\t\t\t<\/div>\n\t\t\t\t<\/div>\n\t\t\t\t\t<\/details>\n\t\t\t\t\t\t<details id=\"e-n-accordion-item-2034\" class=\"e-n-accordion-item\" >\n\t\t\t\t<summary class=\"e-n-accordion-item-title\" data-accordion-index=\"5\" tabindex=\"-1\" aria-expanded=\"false\" aria-controls=\"e-n-accordion-item-2034\" >\n\t\t\t\t\t<span class='e-n-accordion-item-title-header'><div class=\"e-n-accordion-item-title-text\"> \u00bfCon qu\u00e9 rapidez puede un equipo empezar a utilizar la llamada en fr\u00edo con IA? <\/div><\/span>\n\t\t\t\t\t\t\t<span class='e-n-accordion-item-title-icon'>\n\t\t\t<span class='e-opened' ><svg aria-hidden=\"true\" class=\"e-font-icon-svg e-fas-caret-down\" viewBox=\"0 0 320 512\" xmlns=\"http:\/\/www.w3.org\/2000\/svg\"><path d=\"M31.3 192h257.3c17.8 0 26.7 21.5 14.1 34.1L174.1 354.8c-7.8 7.8-20.5 7.8-28.3 0L17.2 226.1C4.6 213.5 13.5 192 31.3 192z\"><\/path><\/svg><\/span>\n\t\t\t<span class='e-closed'><svg aria-hidden=\"true\" class=\"e-font-icon-svg e-fas-caret-right\" viewBox=\"0 0 192 512\" xmlns=\"http:\/\/www.w3.org\/2000\/svg\"><path d=\"M0 384.662V127.338c0-17.818 21.543-26.741 34.142-14.142l128.662 128.662c7.81 7.81 7.81 20.474 0 28.284L34.142 398.804C21.543 411.404 0 402.48 0 384.662z\"><\/path><\/svg><\/span>\n\t\t<\/span>\n\n\t\t\t\t\t\t<\/summary>\n\t\t\t\t<div role=\"region\" aria-labelledby=\"e-n-accordion-item-2034\" class=\"elementor-element elementor-element-6b4f7c3 e-con-full e-flex e-con e-child\" data-id=\"6b4f7c3\" data-element_type=\"container\">\n\t\t\t\t<div class=\"elementor-element elementor-element-548a95e elementor-widget elementor-widget-text-editor\" data-id=\"548a95e\" data-element_type=\"widget\" data-widget_type=\"text-editor.default\">\n\t\t\t\t\t\t\t\t\t<p>Con herramientas como Mindhunters.ai, los equipos pueden lanzar campa\u00f1as en cuesti\u00f3n de d\u00edas, gracias a scripts preconstruidos, integraciones de datos y despliegue en la nube.<\/p>\t\t\t\t\t\t\t\t<\/div>\n\t\t\t\t<\/div>\n\t\t\t\t\t<\/details>\n\t\t\t\t\t<\/div>\n\t\t\t\t\t<script type=\"application\/ld+json\">{\"@context\":\"https:\\\/\\\/schema.org\",\"@type\":\"FAQPage\",\"mainEntity\":[{\"@type\":\"Question\",\"name\":\"\\u00bfEn qu\\u00e9 se diferencia la llamada en fr\\u00edo con IA de la llamada en fr\\u00edo tradicional?\",\"acceptedAnswer\":{\"@type\":\"Answer\",\"text\":\"La llamada en fr\\u00edo con IA utiliza la automatizaci\\u00f3n, el an\\u00e1lisis de datos y guiones adaptables para realizar llamadas m\\u00e1s espec\\u00edficas, eficientes y eficaces que la marcaci\\u00f3n manual.\"}},{\"@type\":\"Question\",\"name\":\"\\u00bfFunciona la llamada en fr\\u00edo con IA para B2B y B2C?\",\"acceptedAnswer\":{\"@type\":\"Answer\",\"text\":\"Por supuesto. La IA puede entrenarse tanto para la difusi\\u00f3n B2B como B2C, ajustando el tono, el gui\\u00f3n y el tiempo para adaptarse a la audiencia.\"}},{\"@type\":\"Question\",\"name\":\"\\u00bfEs legal la telemarketing?\",\"acceptedAnswer\":{\"@type\":\"Answer\",\"text\":\"S\\u00ed, siempre que las empresas cumplan la normativa local sobre llamadas y leyes de privacidad como GDPR o TCPA.\"}},{\"@type\":\"Question\",\"name\":\"\\u00bfMejoran las tasas de conversi\\u00f3n las llamadas en fr\\u00edo con IA?\",\"acceptedAnswer\":{\"@type\":\"Answer\",\"text\":\"S\\u00ed. Al dirigirse a los clientes potenciales adecuados en el momento oportuno con mensajes pertinentes, la IA suele superar a la divulgaci\\u00f3n tradicional.\"}},{\"@type\":\"Question\",\"name\":\"\\u00bfCon qu\\u00e9 rapidez puede un equipo empezar a utilizar la llamada en fr\\u00edo con IA?\",\"acceptedAnswer\":{\"@type\":\"Answer\",\"text\":\"Con herramientas como Mindhunters.ai, los equipos pueden lanzar campa\\u00f1as en cuesti\\u00f3n de d\\u00edas, gracias a scripts preconstruidos, integraciones de datos y despliegue en la nube.\"}}]}<\/script>\n\t\t\t\t\t\t\t<\/div>\n\t\t\t\t<\/div>\n\t\t<div class=\"elementor-element elementor-element-bc9b0d9 e-flex e-con-boxed e-con e-parent\" data-id=\"bc9b0d9\" data-element_type=\"container\">\n\t\t\t\t\t<div class=\"e-con-inner\">\n\t\t\t\t<div class=\"elementor-element elementor-element-7bd1307 elementor-author-box--layout-image-left elementor-author-box--align-left elementor-author-box--image-valign-middle elementor-author-box--avatar-yes elementor-author-box--name-yes elementor-author-box--biography-yes elementor-author-box--link-no elementor-widget elementor-widget-author-box\" data-id=\"7bd1307\" data-element_type=\"widget\" data-widget_type=\"author-box.default\">\n\t\t\t\t\t\t\t<div class=\"elementor-author-box\">\n\t\t\t\t\t\t\t<div  class=\"elementor-author-box__avatar\">\n\t\t\t\t\t<img decoding=\"async\" src=\"https:\/\/secure.gravatar.com\/avatar\/4ee07de32079593c320092d8a01f1922a864c29532c172deac6897d3182dab00?s=300&#038;d=mm&#038;r=g\" alt=\"Imagen de Volkan Demir\" loading=\"lazy\">\n\t\t\t\t<\/div>\n\t\t\t\n\t\t\t<div class=\"elementor-author-box__text\">\n\t\t\t\t\t\t\t\t\t<div >\n\t\t\t\t\t\t<div class=\"elementor-author-box__name\">\n\t\t\t\t\t\t\tVolkan Demir\t\t\t\t\t\t<\/div>\n\t\t\t\t\t<\/div>\n\t\t\t\t\n\t\t\t\t\t\t\t\t\t<div class=\"elementor-author-box__bio\">\n\t\t\t\t\t\tVolkan Demir is the Co-Founder of Mindhunters.ai \u2013 Intelligent Sales &amp; Customer Engagement, a platform that leverages conversational AI to transform how businesses sell and support at scale. With a strong background in technology and digital innovation, Volkan has been at the forefront of developing AI-driven solutions that help companies automate customer interactions, boost sales conversions, and deliver world-class engagement experiences.\t\t\t\t\t<\/div>\n\t\t\t\t\n\t\t\t\t\t\t\t<\/div>\n\t\t<\/div>\n\t\t\t\t\t\t<\/div>\n\t\t\t\t\t<\/div>\n\t\t\t\t<\/div>\n\t\t\t\t<\/div>\n\t\t","protected":false},"excerpt":{"rendered":"<p>Las llamadas en fr\u00edo siempre han sido una parte dif\u00edcil de las ventas: requieren mucho tiempo, son repetitivas y a [&hellip;]<\/p>\n","protected":false},"author":3,"featured_media":385,"parent":0,"menu_order":0,"comment_status":"open","ping_status":"closed","template":"elementor_header_footer","meta":{"site-sidebar-layout":"default","site-content-layout":"","ast-site-content-layout":"default","site-content-style":"default","site-sidebar-style":"default","ast-global-header-display":"","ast-banner-title-visibility":"","ast-main-header-display":"","ast-hfb-above-header-display":"","ast-hfb-below-header-display":"","ast-hfb-mobile-header-display":"","site-post-title":"","ast-breadcrumbs-content":"","ast-featured-img":"","footer-sml-layout":"","theme-transparent-header-meta":"","adv-header-id-meta":"","stick-header-meta":"","header-above-stick-meta":"","header-main-stick-meta":"","header-below-stick-meta":"","astra-migrate-meta-layouts":"default","ast-page-background-enabled":"default","ast-page-background-meta":{"desktop":{"background-color":"var(--ast-global-color-5)","background-image":"","background-repeat":"repeat","background-position":"center center","background-size":"auto","background-attachment":"scroll","background-type":"","background-media":"","overlay-type":"","overlay-color":"","overlay-opacity":"","overlay-gradient":""},"tablet":{"background-color":"","background-image":"","background-repeat":"repeat","background-position":"center center","background-size":"auto","background-attachment":"scroll","background-type":"","background-media":"","overlay-type":"","overlay-color":"","overlay-opacity":"","overlay-gradient":""},"mobile":{"background-color":"","background-image":"","background-repeat":"repeat","background-position":"center center","background-size":"auto","background-attachment":"scroll","background-type":"","background-media":"","overlay-type":"","overlay-color":"","overlay-opacity":"","overlay-gradient":""}},"ast-content-background-meta":{"desktop":{"background-color":"var(--ast-global-color-4)","background-image":"","background-repeat":"repeat","background-position":"center center","background-size":"auto","background-attachment":"scroll","background-type":"","background-media":"","overlay-type":"","overlay-color":"","overlay-opacity":"","overlay-gradient":""},"tablet":{"background-color":"var(--ast-global-color-4)","background-image":"","background-repeat":"repeat","background-position":"center center","background-size":"auto","background-attachment":"scroll","background-type":"","background-media":"","overlay-type":"","overlay-color":"","overlay-opacity":"","overlay-gradient":""},"mobile":{"background-color":"var(--ast-global-color-4)","background-image":"","background-repeat":"repeat","background-position":"center center","background-size":"auto","background-attachment":"scroll","background-type":"","background-media":"","overlay-type":"","overlay-color":"","overlay-opacity":"","overlay-gradient":""}},"footnotes":""},"class_list":["post-479","page","type-page","status-publish","has-post-thumbnail","hentry"],"_links":{"self":[{"href":"https:\/\/www.mindhunters.ai\/blog\/es\/wp-json\/wp\/v2\/pages\/479","targetHints":{"allow":["GET"]}}],"collection":[{"href":"https:\/\/www.mindhunters.ai\/blog\/es\/wp-json\/wp\/v2\/pages"}],"about":[{"href":"https:\/\/www.mindhunters.ai\/blog\/es\/wp-json\/wp\/v2\/types\/page"}],"author":[{"embeddable":true,"href":"https:\/\/www.mindhunters.ai\/blog\/es\/wp-json\/wp\/v2\/users\/3"}],"replies":[{"embeddable":true,"href":"https:\/\/www.mindhunters.ai\/blog\/es\/wp-json\/wp\/v2\/comments?post=479"}],"version-history":[{"count":0,"href":"https:\/\/www.mindhunters.ai\/blog\/es\/wp-json\/wp\/v2\/pages\/479\/revisions"}],"wp:featuredmedia":[{"embeddable":true,"href":"https:\/\/www.mindhunters.ai\/blog\/es\/wp-json\/wp\/v2\/media\/385"}],"wp:attachment":[{"href":"https:\/\/www.mindhunters.ai\/blog\/es\/wp-json\/wp\/v2\/media?parent=479"}],"curies":[{"name":"wp","href":"https:\/\/api.w.org\/{rel}","templated":true}]}}