{"id":476,"date":"2025-08-12T07:37:34","date_gmt":"2025-08-12T07:37:34","guid":{"rendered":"https:\/\/www.mindhunters.ai\/blog\/ai-cold-calling-cose-e-come-funziona\/"},"modified":"2025-09-09T07:31:33","modified_gmt":"2025-09-09T07:31:33","slug":"chiamate-freddo-con-ia","status":"publish","type":"page","link":"https:\/\/www.mindhunters.ai\/blog\/it\/chiamate-freddo-con-ia\/","title":{"rendered":"Chiamate a freddo con IA: Cos&#8217;\u00e8 e come funziona"},"content":{"rendered":"\t\t<div data-elementor-type=\"wp-post\" data-elementor-id=\"476\" class=\"elementor elementor-476 elementor-204\" data-elementor-post-type=\"page\">\n\t\t\t\t<div class=\"elementor-element elementor-element-3e6e842 e-flex e-con-boxed e-con e-parent\" data-id=\"3e6e842\" data-element_type=\"container\">\n\t\t\t\t\t<div class=\"e-con-inner\">\n\t\t\t\t\t<\/div>\n\t\t\t\t<\/div>\n\t\t<div class=\"elementor-element elementor-element-63aaa2a2 e-flex e-con-boxed e-con e-parent\" data-id=\"63aaa2a2\" data-element_type=\"container\">\n\t\t\t\t\t<div class=\"e-con-inner\">\n\t\t\t\t<div class=\"elementor-element elementor-element-789a451 elementor-widget elementor-widget-heading\" data-id=\"789a451\" data-element_type=\"widget\" data-widget_type=\"heading.default\">\n\t\t\t\t\t<h1 class=\"elementor-heading-title elementor-size-default\">Chiamate a freddo con IA: Cos&#8217;\u00e8 e come funziona<\/h1>\t\t\t\t<\/div>\n\t\t\t\t\t<\/div>\n\t\t\t\t<\/div>\n\t\t<div class=\"elementor-element elementor-element-ebde107 e-flex e-con-boxed e-con e-parent\" data-id=\"ebde107\" data-element_type=\"container\">\n\t\t\t\t\t<div class=\"e-con-inner\">\n\t\t\t\t<div class=\"elementor-element elementor-element-f4a4cb5 elementor-widget elementor-widget-image\" data-id=\"f4a4cb5\" data-element_type=\"widget\" data-widget_type=\"image.default\">\n\t\t\t\t\t\t\t\t\t\t\t\t\t\t\t<img fetchpriority=\"high\" decoding=\"async\" width=\"1022\" height=\"582\" src=\"https:\/\/www.mindhunters.ai\/blog\/wp-content\/uploads\/2025\/09\/ai-cold-calling-system.webp\" class=\"attachment-large size-large wp-image-384\" alt=\"\" srcset=\"https:\/\/www.mindhunters.ai\/blog\/wp-content\/uploads\/2025\/09\/ai-cold-calling-system.webp 1022w, https:\/\/www.mindhunters.ai\/blog\/wp-content\/uploads\/2025\/09\/ai-cold-calling-system-300x171.webp 300w, https:\/\/www.mindhunters.ai\/blog\/wp-content\/uploads\/2025\/09\/ai-cold-calling-system-768x437.webp 768w\" sizes=\"(max-width: 1022px) 100vw, 1022px\" \/>\t\t\t\t\t\t\t\t\t\t\t\t\t\t\t<\/div>\n\t\t\t\t<div class=\"elementor-element elementor-element-7c5bffd elementor-widget elementor-widget-text-editor\" data-id=\"7c5bffd\" data-element_type=\"widget\" data-widget_type=\"text-editor.default\">\n\t\t\t\t\t\t\t\t\t<p data-start=\"752\" data-end=\"1289\">La telefonata a freddo \u00e8 sempre stata una parte impegnativa delle vendite: richiede tempo, \u00e8 ripetitiva e spesso incontra resistenza. Nel 2025, l&#8217;intelligenza artificiale ha ridefinito il gioco. L <strong data-start=\"893\" data-end=\"912\">&#8216;intelligenza artificiale<\/strong> non si limita pi\u00f9 a comporre numeri alla cieca, ma si basa su un&#8217;attivit\u00e0 di contatto intelligente, alimentata da dati, personalizzazione e automazione. Con <strong data-start=\"1044\" data-end=\"1104\">Mindhunters.ai &#8211; Intelligent Sales &amp; Customer Engagement<\/strong>, i team di vendita possono coinvolgere i potenziali clienti in modo pi\u00f9 rapido, con messaggi pertinenti e su una scala impossibile con il solo sforzo umano.  <\/p>\t\t\t\t\t\t\t\t<\/div>\n\t\t\t\t<div class=\"elementor-element elementor-element-d43f3c0 elementor-widget elementor-widget-heading\" data-id=\"d43f3c0\" data-element_type=\"widget\" data-widget_type=\"heading.default\">\n\t\t\t\t\t<h2 class=\"elementor-heading-title elementor-size-default\">Che cos'\u00e8 l'AI Cold Calling?<\/h2>\t\t\t\t<\/div>\n\t\t\t\t<div class=\"elementor-element elementor-element-c52b7ce elementor-widget elementor-widget-text-editor\" data-id=\"c52b7ce\" data-element_type=\"widget\" data-widget_type=\"text-editor.default\">\n\t\t\t\t\t\t\t\t\t<p>L&#8217;AI cold calling utilizza tecnologie avanzate come l&#8217;elaborazione del linguaggio naturale (NLP), l&#8217;apprendimento automatico e l&#8217;analisi predittiva per automatizzare e ottimizzare il processo di chiamata in uscita. Invece di costruire manualmente gli elenchi e di indovinare il momento migliore per chiamare, piattaforme come Mindhunters.ai analizzano i dati dei potenziali clienti, determinano il momento di contatto ideale e offrono conversazioni dal suono naturale che si adattano in tempo reale. Ci\u00f2 si traduce in un minor numero di riagganci, tassi di coinvolgimento pi\u00f9 elevati e conversazioni pi\u00f9 significative.  <\/p>\t\t\t\t\t\t\t\t<\/div>\n\t\t\t\t<div class=\"elementor-element elementor-element-7663363 elementor-widget elementor-widget-heading\" data-id=\"7663363\" data-element_type=\"widget\" data-widget_type=\"heading.default\">\n\t\t\t\t\t<h2 class=\"elementor-heading-title elementor-size-default\">Come funziona l'AI per le chiamate a freddo con Mindhunters.ai<\/h2>\t\t\t\t<\/div>\n\t\t\t\t<div class=\"elementor-element elementor-element-732a1fc elementor-widget elementor-widget-text-editor\" data-id=\"732a1fc\" data-element_type=\"widget\" data-widget_type=\"text-editor.default\">\n\t\t\t\t\t\t\t\t\t<p data-start=\"1851\" data-end=\"2383\">Il processo inizia con l&#8217;<strong data-start=\"1875\" data-end=\"1894\">arricchimento dei dati<\/strong>, in cui l&#8217;intelligenza artificiale analizza i record del CRM, i dati di mercato e le interazioni passate per creare un profilo preciso del potenziale cliente. Successivamente, l&#8217;intelligenza artificiale pianifica le chiamate al momento ottimale, adattando gli script in base al settore, al ruolo e al comportamento precedente. Durante la chiamata, gli agenti AI di <strong data-start=\"2133\" data-end=\"2151\">Mindhunters.ai<\/strong>sono in grado di gestire le obiezioni, rispondere alle domande sui prodotti e qualificare i lead, passando senza problemi i prospect ad alto potenziale ai rappresentanti umani quando necessario. Il risultato? Una pipeline di vendita piena di opportunit\u00e0 pi\u00f9 calde e meglio qualificate.    <\/p>\t\t\t\t\t\t\t\t<\/div>\n\t\t\t\t<div class=\"elementor-element elementor-element-0bfaf55 elementor-widget elementor-widget-heading\" data-id=\"0bfaf55\" data-element_type=\"widget\" data-widget_type=\"heading.default\">\n\t\t\t\t\t<h2 class=\"elementor-heading-title elementor-size-default\">L'impatto sui team di vendita<\/h2>\t\t\t\t<\/div>\n\t\t\t\t<div class=\"elementor-element elementor-element-c0d4b37 elementor-widget elementor-widget-text-editor\" data-id=\"c0d4b37\" data-element_type=\"widget\" data-widget_type=\"text-editor.default\">\n\t\t\t\t\t\t\t\t\t<p data-start=\"2429\" data-end=\"2904\">L&#8217;intelligenza artificiale non sostituisce i venditori umani, ma li potenzia. Automatizzando le chiamate ripetitive, i messaggi in segreteria e la gestione delle obiezioni pi\u00f9 comuni, l&#8217;intelligenza artificiale consente ai venditori umani di concentrarsi sulle conversazioni ad alto valore e sulla chiusura degli affari. I team di vendita che utilizzano Mindhunters.ai registrano <strong data-start=\"2705\" data-end=\"2780\">tassi di conversione pi\u00f9 elevati, tempi di risposta ridotti e minore burnout<\/strong>. In un mercato competitivo, questa combinazione di velocit\u00e0, personalizzazione ed efficienza pu\u00f2 rappresentare il massimo vantaggio per le vendite.   <\/p>\t\t\t\t\t\t\t\t<\/div>\n\t\t\t\t\t<\/div>\n\t\t\t\t<\/div>\n\t\t<div class=\"elementor-element elementor-element-807e0de e-con-full e-flex e-con e-parent\" data-id=\"807e0de\" data-element_type=\"container\" data-settings=\"{&quot;background_background&quot;:&quot;classic&quot;}\">\n\t\t\t\t<div class=\"elementor-element elementor-element-fcc7806 elementor-widget elementor-widget-heading\" data-id=\"fcc7806\" data-element_type=\"widget\" data-widget_type=\"heading.default\">\n\t\t\t\t\t<h2 class=\"elementor-heading-title elementor-size-default\">FaQ<\/h2>\t\t\t\t<\/div>\n\t\t\t\t<div class=\"elementor-element elementor-element-135d614 elementor-widget elementor-widget-n-accordion\" data-id=\"135d614\" data-element_type=\"widget\" data-settings=\"{&quot;n_accordion_animation_duration&quot;:{&quot;unit&quot;:&quot;ms&quot;,&quot;size&quot;:200,&quot;sizes&quot;:[]},&quot;default_state&quot;:&quot;expanded&quot;,&quot;max_items_expended&quot;:&quot;one&quot;}\" data-widget_type=\"nested-accordion.default\">\n\t\t\t\t\t\t\t<div class=\"e-n-accordion\" aria-label=\"Accordion. Open links with Enter or Space, close with Escape, and navigate with Arrow Keys\">\n\t\t\t\t\t\t<details id=\"e-n-accordion-item-2030\" class=\"e-n-accordion-item\" open>\n\t\t\t\t<summary class=\"e-n-accordion-item-title\" data-accordion-index=\"1\" tabindex=\"0\" aria-expanded=\"true\" aria-controls=\"e-n-accordion-item-2030\" >\n\t\t\t\t\t<span class='e-n-accordion-item-title-header'><div class=\"e-n-accordion-item-title-text\"> In che modo l'AI cold calling \u00e8 diverso dal cold calling tradizionale? <\/div><\/span>\n\t\t\t\t\t\t\t<span class='e-n-accordion-item-title-icon'>\n\t\t\t<span class='e-opened' ><svg aria-hidden=\"true\" class=\"e-font-icon-svg e-fas-caret-down\" viewBox=\"0 0 320 512\" xmlns=\"http:\/\/www.w3.org\/2000\/svg\"><path d=\"M31.3 192h257.3c17.8 0 26.7 21.5 14.1 34.1L174.1 354.8c-7.8 7.8-20.5 7.8-28.3 0L17.2 226.1C4.6 213.5 13.5 192 31.3 192z\"><\/path><\/svg><\/span>\n\t\t\t<span class='e-closed'><svg aria-hidden=\"true\" class=\"e-font-icon-svg e-fas-caret-right\" viewBox=\"0 0 192 512\" xmlns=\"http:\/\/www.w3.org\/2000\/svg\"><path d=\"M0 384.662V127.338c0-17.818 21.543-26.741 34.142-14.142l128.662 128.662c7.81 7.81 7.81 20.474 0 28.284L34.142 398.804C21.543 411.404 0 402.48 0 384.662z\"><\/path><\/svg><\/span>\n\t\t<\/span>\n\n\t\t\t\t\t\t<\/summary>\n\t\t\t\t<div role=\"region\" aria-labelledby=\"e-n-accordion-item-2030\" class=\"elementor-element elementor-element-a030990 e-con-full e-flex e-con e-child\" data-id=\"a030990\" data-element_type=\"container\">\n\t\t\t\t<div class=\"elementor-element elementor-element-db0837d elementor-widget elementor-widget-text-editor\" data-id=\"db0837d\" data-element_type=\"widget\" data-widget_type=\"text-editor.default\">\n\t\t\t\t\t\t\t\t\t<p>L&#8217;AI cold calling utilizza l&#8217;automazione, l&#8217;analisi dei dati e gli script adattivi per rendere le chiamate pi\u00f9 mirate, efficienti ed efficaci rispetto alla composizione manuale.<\/p>\t\t\t\t\t\t\t\t<\/div>\n\t\t\t\t<\/div>\n\t\t\t\t\t<\/details>\n\t\t\t\t\t\t<details id=\"e-n-accordion-item-2031\" class=\"e-n-accordion-item\" >\n\t\t\t\t<summary class=\"e-n-accordion-item-title\" data-accordion-index=\"2\" tabindex=\"-1\" aria-expanded=\"false\" aria-controls=\"e-n-accordion-item-2031\" >\n\t\t\t\t\t<span class='e-n-accordion-item-title-header'><div class=\"e-n-accordion-item-title-text\"> L'AI cold calling funziona per il B2B e il B2C? <\/div><\/span>\n\t\t\t\t\t\t\t<span class='e-n-accordion-item-title-icon'>\n\t\t\t<span class='e-opened' ><svg aria-hidden=\"true\" class=\"e-font-icon-svg e-fas-caret-down\" viewBox=\"0 0 320 512\" xmlns=\"http:\/\/www.w3.org\/2000\/svg\"><path d=\"M31.3 192h257.3c17.8 0 26.7 21.5 14.1 34.1L174.1 354.8c-7.8 7.8-20.5 7.8-28.3 0L17.2 226.1C4.6 213.5 13.5 192 31.3 192z\"><\/path><\/svg><\/span>\n\t\t\t<span class='e-closed'><svg aria-hidden=\"true\" class=\"e-font-icon-svg e-fas-caret-right\" viewBox=\"0 0 192 512\" xmlns=\"http:\/\/www.w3.org\/2000\/svg\"><path d=\"M0 384.662V127.338c0-17.818 21.543-26.741 34.142-14.142l128.662 128.662c7.81 7.81 7.81 20.474 0 28.284L34.142 398.804C21.543 411.404 0 402.48 0 384.662z\"><\/path><\/svg><\/span>\n\t\t<\/span>\n\n\t\t\t\t\t\t<\/summary>\n\t\t\t\t<div role=\"region\" aria-labelledby=\"e-n-accordion-item-2031\" class=\"elementor-element elementor-element-21426b9 e-con-full e-flex e-con e-child\" data-id=\"21426b9\" data-element_type=\"container\">\n\t\t\t\t<div class=\"elementor-element elementor-element-9d3f942 elementor-widget elementor-widget-text-editor\" data-id=\"9d3f942\" data-element_type=\"widget\" data-widget_type=\"text-editor.default\">\n\t\t\t\t\t\t\t\t\t<p>Assolutamente s\u00ec. L&#8217;intelligenza artificiale pu\u00f2 essere addestrata sia per il B2B che per il B2C, regolando il tono, il testo e i tempi in base al pubblico. <\/p>\t\t\t\t\t\t\t\t<\/div>\n\t\t\t\t<\/div>\n\t\t\t\t\t<\/details>\n\t\t\t\t\t\t<details id=\"e-n-accordion-item-2032\" class=\"e-n-accordion-item\" >\n\t\t\t\t<summary class=\"e-n-accordion-item-title\" data-accordion-index=\"3\" tabindex=\"-1\" aria-expanded=\"false\" aria-controls=\"e-n-accordion-item-2032\" >\n\t\t\t\t\t<span class='e-n-accordion-item-title-header'><div class=\"e-n-accordion-item-title-text\"> L'AI cold calling \u00e8 legale? <\/div><\/span>\n\t\t\t\t\t\t\t<span class='e-n-accordion-item-title-icon'>\n\t\t\t<span class='e-opened' ><svg aria-hidden=\"true\" class=\"e-font-icon-svg e-fas-caret-down\" viewBox=\"0 0 320 512\" xmlns=\"http:\/\/www.w3.org\/2000\/svg\"><path d=\"M31.3 192h257.3c17.8 0 26.7 21.5 14.1 34.1L174.1 354.8c-7.8 7.8-20.5 7.8-28.3 0L17.2 226.1C4.6 213.5 13.5 192 31.3 192z\"><\/path><\/svg><\/span>\n\t\t\t<span class='e-closed'><svg aria-hidden=\"true\" class=\"e-font-icon-svg e-fas-caret-right\" viewBox=\"0 0 192 512\" xmlns=\"http:\/\/www.w3.org\/2000\/svg\"><path d=\"M0 384.662V127.338c0-17.818 21.543-26.741 34.142-14.142l128.662 128.662c7.81 7.81 7.81 20.474 0 28.284L34.142 398.804C21.543 411.404 0 402.48 0 384.662z\"><\/path><\/svg><\/span>\n\t\t<\/span>\n\n\t\t\t\t\t\t<\/summary>\n\t\t\t\t<div role=\"region\" aria-labelledby=\"e-n-accordion-item-2032\" class=\"elementor-element elementor-element-dbc31bc e-con-full e-flex e-con e-child\" data-id=\"dbc31bc\" data-element_type=\"container\">\n\t\t\t\t<div class=\"elementor-element elementor-element-b7d4def elementor-widget elementor-widget-text-editor\" data-id=\"b7d4def\" data-element_type=\"widget\" data-widget_type=\"text-editor.default\">\n\t\t\t\t\t\t\t\t\t<p data-start=\"1397\" data-end=\"1572\">S\u00ec, purch\u00e9 le aziende rispettino le normative locali sulle chiamate e le leggi sulla privacy come il GDPR o il TCPA.<\/p>\t\t\t\t\t\t\t\t<\/div>\n\t\t\t\t<\/div>\n\t\t\t\t\t<\/details>\n\t\t\t\t\t\t<details id=\"e-n-accordion-item-2033\" class=\"e-n-accordion-item\" >\n\t\t\t\t<summary class=\"e-n-accordion-item-title\" data-accordion-index=\"4\" tabindex=\"-1\" aria-expanded=\"false\" aria-controls=\"e-n-accordion-item-2033\" >\n\t\t\t\t\t<span class='e-n-accordion-item-title-header'><div class=\"e-n-accordion-item-title-text\"> L'AI cold calling migliora i tassi di conversione? <\/div><\/span>\n\t\t\t\t\t\t\t<span class='e-n-accordion-item-title-icon'>\n\t\t\t<span class='e-opened' ><svg aria-hidden=\"true\" class=\"e-font-icon-svg e-fas-caret-down\" viewBox=\"0 0 320 512\" xmlns=\"http:\/\/www.w3.org\/2000\/svg\"><path d=\"M31.3 192h257.3c17.8 0 26.7 21.5 14.1 34.1L174.1 354.8c-7.8 7.8-20.5 7.8-28.3 0L17.2 226.1C4.6 213.5 13.5 192 31.3 192z\"><\/path><\/svg><\/span>\n\t\t\t<span class='e-closed'><svg aria-hidden=\"true\" class=\"e-font-icon-svg e-fas-caret-right\" viewBox=\"0 0 192 512\" xmlns=\"http:\/\/www.w3.org\/2000\/svg\"><path d=\"M0 384.662V127.338c0-17.818 21.543-26.741 34.142-14.142l128.662 128.662c7.81 7.81 7.81 20.474 0 28.284L34.142 398.804C21.543 411.404 0 402.48 0 384.662z\"><\/path><\/svg><\/span>\n\t\t<\/span>\n\n\t\t\t\t\t\t<\/summary>\n\t\t\t\t<div role=\"region\" aria-labelledby=\"e-n-accordion-item-2033\" class=\"elementor-element elementor-element-9606892 e-con-full e-flex e-con e-child\" data-id=\"9606892\" data-element_type=\"container\">\n\t\t\t\t<div class=\"elementor-element elementor-element-3b70172 elementor-widget elementor-widget-text-editor\" data-id=\"3b70172\" data-element_type=\"widget\" data-widget_type=\"text-editor.default\">\n\t\t\t\t\t\t\t\t\t<p>S\u00ec. Rivolgendosi ai lead giusti al momento giusto con messaggi pertinenti, l&#8217;IA spesso supera le attivit\u00e0 di outreach tradizionali. <\/p>\t\t\t\t\t\t\t\t<\/div>\n\t\t\t\t<\/div>\n\t\t\t\t\t<\/details>\n\t\t\t\t\t\t<details id=\"e-n-accordion-item-2034\" class=\"e-n-accordion-item\" >\n\t\t\t\t<summary class=\"e-n-accordion-item-title\" data-accordion-index=\"5\" tabindex=\"-1\" aria-expanded=\"false\" aria-controls=\"e-n-accordion-item-2034\" >\n\t\t\t\t\t<span class='e-n-accordion-item-title-header'><div class=\"e-n-accordion-item-title-text\"> In quanto tempo un team pu\u00f2 iniziare a utilizzare l'AI per le chiamate a freddo? <\/div><\/span>\n\t\t\t\t\t\t\t<span class='e-n-accordion-item-title-icon'>\n\t\t\t<span class='e-opened' ><svg aria-hidden=\"true\" class=\"e-font-icon-svg e-fas-caret-down\" viewBox=\"0 0 320 512\" xmlns=\"http:\/\/www.w3.org\/2000\/svg\"><path d=\"M31.3 192h257.3c17.8 0 26.7 21.5 14.1 34.1L174.1 354.8c-7.8 7.8-20.5 7.8-28.3 0L17.2 226.1C4.6 213.5 13.5 192 31.3 192z\"><\/path><\/svg><\/span>\n\t\t\t<span class='e-closed'><svg aria-hidden=\"true\" class=\"e-font-icon-svg e-fas-caret-right\" viewBox=\"0 0 192 512\" xmlns=\"http:\/\/www.w3.org\/2000\/svg\"><path d=\"M0 384.662V127.338c0-17.818 21.543-26.741 34.142-14.142l128.662 128.662c7.81 7.81 7.81 20.474 0 28.284L34.142 398.804C21.543 411.404 0 402.48 0 384.662z\"><\/path><\/svg><\/span>\n\t\t<\/span>\n\n\t\t\t\t\t\t<\/summary>\n\t\t\t\t<div role=\"region\" aria-labelledby=\"e-n-accordion-item-2034\" class=\"elementor-element elementor-element-6b4f7c3 e-con-full e-flex e-con e-child\" data-id=\"6b4f7c3\" data-element_type=\"container\">\n\t\t\t\t<div class=\"elementor-element elementor-element-548a95e elementor-widget elementor-widget-text-editor\" data-id=\"548a95e\" data-element_type=\"widget\" data-widget_type=\"text-editor.default\">\n\t\t\t\t\t\t\t\t\t<p>Con strumenti come Mindhunters.ai, i team possono lanciare campagne in pochi giorni, grazie a script precostituiti, integrazioni di dati e distribuzione nel cloud.<\/p>\t\t\t\t\t\t\t\t<\/div>\n\t\t\t\t<\/div>\n\t\t\t\t\t<\/details>\n\t\t\t\t\t<\/div>\n\t\t\t\t\t<script type=\"application\/ld+json\">{\"@context\":\"https:\\\/\\\/schema.org\",\"@type\":\"FAQPage\",\"mainEntity\":[{\"@type\":\"Question\",\"name\":\"In che modo l'AI cold calling \\u00e8 diverso dal cold calling tradizionale?\",\"acceptedAnswer\":{\"@type\":\"Answer\",\"text\":\"L&#8217;AI cold calling utilizza l&#8217;automazione, l&#8217;analisi dei dati e gli script adattivi per rendere le chiamate pi\\u00f9 mirate, efficienti ed efficaci rispetto alla composizione manuale.\"}},{\"@type\":\"Question\",\"name\":\"L'AI cold calling funziona per il B2B e il B2C?\",\"acceptedAnswer\":{\"@type\":\"Answer\",\"text\":\"Assolutamente s\\u00ec. L&#8217;intelligenza artificiale pu\\u00f2 essere addestrata sia per il B2B che per il B2C, regolando il tono, il testo e i tempi in base al pubblico.\"}},{\"@type\":\"Question\",\"name\":\"L'AI cold calling \\u00e8 legale?\",\"acceptedAnswer\":{\"@type\":\"Answer\",\"text\":\"S\\u00ec, purch\\u00e9 le aziende rispettino le normative locali sulle chiamate e le leggi sulla privacy come il GDPR o il TCPA.\"}},{\"@type\":\"Question\",\"name\":\"L'AI cold calling migliora i tassi di conversione?\",\"acceptedAnswer\":{\"@type\":\"Answer\",\"text\":\"S\\u00ec. Rivolgendosi ai lead giusti al momento giusto con messaggi pertinenti, l&#8217;IA spesso supera le attivit\\u00e0 di outreach tradizionali.\"}},{\"@type\":\"Question\",\"name\":\"In quanto tempo un team pu\\u00f2 iniziare a utilizzare l'AI per le chiamate a freddo?\",\"acceptedAnswer\":{\"@type\":\"Answer\",\"text\":\"Con strumenti come Mindhunters.ai, i team possono lanciare campagne in pochi giorni, grazie a script precostituiti, integrazioni di dati e distribuzione nel cloud.\"}}]}<\/script>\n\t\t\t\t\t\t\t<\/div>\n\t\t\t\t<\/div>\n\t\t<div class=\"elementor-element elementor-element-bc9b0d9 e-flex e-con-boxed e-con e-parent\" data-id=\"bc9b0d9\" data-element_type=\"container\">\n\t\t\t\t\t<div class=\"e-con-inner\">\n\t\t\t\t<div class=\"elementor-element elementor-element-7bd1307 elementor-author-box--layout-image-left elementor-author-box--align-left elementor-author-box--image-valign-middle elementor-author-box--avatar-yes elementor-author-box--name-yes elementor-author-box--biography-yes elementor-author-box--link-no elementor-widget elementor-widget-author-box\" data-id=\"7bd1307\" data-element_type=\"widget\" data-widget_type=\"author-box.default\">\n\t\t\t\t\t\t\t<div class=\"elementor-author-box\">\n\t\t\t\t\t\t\t<div  class=\"elementor-author-box__avatar\">\n\t\t\t\t\t<img decoding=\"async\" src=\"https:\/\/secure.gravatar.com\/avatar\/4ee07de32079593c320092d8a01f1922a864c29532c172deac6897d3182dab00?s=300&#038;d=mm&#038;r=g\" alt=\"Immagine di Volkan Demir\" loading=\"lazy\">\n\t\t\t\t<\/div>\n\t\t\t\n\t\t\t<div class=\"elementor-author-box__text\">\n\t\t\t\t\t\t\t\t\t<div >\n\t\t\t\t\t\t<div class=\"elementor-author-box__name\">\n\t\t\t\t\t\t\tVolkan Demir\t\t\t\t\t\t<\/div>\n\t\t\t\t\t<\/div>\n\t\t\t\t\n\t\t\t\t\t\t\t\t\t<div class=\"elementor-author-box__bio\">\n\t\t\t\t\t\tVolkan Demir is the Co-Founder of Mindhunters.ai \u2013 Intelligent Sales &amp; Customer Engagement, a platform that leverages conversational AI to transform how businesses sell and support at scale. With a strong background in technology and digital innovation, Volkan has been at the forefront of developing AI-driven solutions that help companies automate customer interactions, boost sales conversions, and deliver world-class engagement experiences.\t\t\t\t\t<\/div>\n\t\t\t\t\n\t\t\t\t\t\t\t<\/div>\n\t\t<\/div>\n\t\t\t\t\t\t<\/div>\n\t\t\t\t\t<\/div>\n\t\t\t\t<\/div>\n\t\t\t\t<\/div>\n\t\t","protected":false},"excerpt":{"rendered":"<p>La telefonata a freddo \u00e8 sempre stata una parte impegnativa delle vendite: richiede tempo, \u00e8 ripetitiva e spesso incontra resistenza. [&hellip;]<\/p>\n","protected":false},"author":3,"featured_media":384,"parent":0,"menu_order":0,"comment_status":"open","ping_status":"closed","template":"elementor_header_footer","meta":{"site-sidebar-layout":"default","site-content-layout":"","ast-site-content-layout":"default","site-content-style":"default","site-sidebar-style":"default","ast-global-header-display":"","ast-banner-title-visibility":"","ast-main-header-display":"","ast-hfb-above-header-display":"","ast-hfb-below-header-display":"","ast-hfb-mobile-header-display":"","site-post-title":"","ast-breadcrumbs-content":"","ast-featured-img":"","footer-sml-layout":"","theme-transparent-header-meta":"","adv-header-id-meta":"","stick-header-meta":"","header-above-stick-meta":"","header-main-stick-meta":"","header-below-stick-meta":"","astra-migrate-meta-layouts":"default","ast-page-background-enabled":"default","ast-page-background-meta":{"desktop":{"background-color":"var(--ast-global-color-5)","background-image":"","background-repeat":"repeat","background-position":"center center","background-size":"auto","background-attachment":"scroll","background-type":"","background-media":"","overlay-type":"","overlay-color":"","overlay-opacity":"","overlay-gradient":""},"tablet":{"background-color":"","background-image":"","background-repeat":"repeat","background-position":"center center","background-size":"auto","background-attachment":"scroll","background-type":"","background-media":"","overlay-type":"","overlay-color":"","overlay-opacity":"","overlay-gradient":""},"mobile":{"background-color":"","background-image":"","background-repeat":"repeat","background-position":"center center","background-size":"auto","background-attachment":"scroll","background-type":"","background-media":"","overlay-type":"","overlay-color":"","overlay-opacity":"","overlay-gradient":""}},"ast-content-background-meta":{"desktop":{"background-color":"var(--ast-global-color-4)","background-image":"","background-repeat":"repeat","background-position":"center center","background-size":"auto","background-attachment":"scroll","background-type":"","background-media":"","overlay-type":"","overlay-color":"","overlay-opacity":"","overlay-gradient":""},"tablet":{"background-color":"var(--ast-global-color-4)","background-image":"","background-repeat":"repeat","background-position":"center center","background-size":"auto","background-attachment":"scroll","background-type":"","background-media":"","overlay-type":"","overlay-color":"","overlay-opacity":"","overlay-gradient":""},"mobile":{"background-color":"var(--ast-global-color-4)","background-image":"","background-repeat":"repeat","background-position":"center center","background-size":"auto","background-attachment":"scroll","background-type":"","background-media":"","overlay-type":"","overlay-color":"","overlay-opacity":"","overlay-gradient":""}},"footnotes":""},"class_list":["post-476","page","type-page","status-publish","has-post-thumbnail","hentry"],"_links":{"self":[{"href":"https:\/\/www.mindhunters.ai\/blog\/it\/wp-json\/wp\/v2\/pages\/476","targetHints":{"allow":["GET"]}}],"collection":[{"href":"https:\/\/www.mindhunters.ai\/blog\/it\/wp-json\/wp\/v2\/pages"}],"about":[{"href":"https:\/\/www.mindhunters.ai\/blog\/it\/wp-json\/wp\/v2\/types\/page"}],"author":[{"embeddable":true,"href":"https:\/\/www.mindhunters.ai\/blog\/it\/wp-json\/wp\/v2\/users\/3"}],"replies":[{"embeddable":true,"href":"https:\/\/www.mindhunters.ai\/blog\/it\/wp-json\/wp\/v2\/comments?post=476"}],"version-history":[{"count":0,"href":"https:\/\/www.mindhunters.ai\/blog\/it\/wp-json\/wp\/v2\/pages\/476\/revisions"}],"wp:featuredmedia":[{"embeddable":true,"href":"https:\/\/www.mindhunters.ai\/blog\/it\/wp-json\/wp\/v2\/media\/384"}],"wp:attachment":[{"href":"https:\/\/www.mindhunters.ai\/blog\/it\/wp-json\/wp\/v2\/media?parent=476"}],"curies":[{"name":"wp","href":"https:\/\/api.w.org\/{rel}","templated":true}]}}