{"id":480,"date":"2025-08-12T07:30:22","date_gmt":"2025-08-12T07:30:22","guid":{"rendered":"https:\/\/www.mindhunters.ai\/blog\/lintelligenza-artificiale-per-lefficienza-operativa-strategie-e-suggerimenti\/"},"modified":"2025-09-09T07:50:10","modified_gmt":"2025-09-09T07:50:10","slug":"ia-per-lefficienza-operativa","status":"publish","type":"page","link":"https:\/\/www.mindhunters.ai\/blog\/it\/ia-per-lefficienza-operativa\/","title":{"rendered":"L&#8217;intelligenza artificiale per l&#8217;efficienza operativa (Strategie e suggerimenti)"},"content":{"rendered":"\t\t<div data-elementor-type=\"wp-post\" data-elementor-id=\"480\" class=\"elementor elementor-480 elementor-196\" data-elementor-post-type=\"page\">\n\t\t\t\t<div class=\"elementor-element elementor-element-3e6e842 e-flex e-con-boxed e-con e-parent\" data-id=\"3e6e842\" data-element_type=\"container\">\n\t\t\t\t\t<div class=\"e-con-inner\">\n\t\t\t\t\t<\/div>\n\t\t\t\t<\/div>\n\t\t<div class=\"elementor-element elementor-element-63aaa2a2 e-flex e-con-boxed e-con e-parent\" data-id=\"63aaa2a2\" data-element_type=\"container\">\n\t\t\t\t\t<div class=\"e-con-inner\">\n\t\t\t\t<div class=\"elementor-element elementor-element-789a451 elementor-widget elementor-widget-heading\" data-id=\"789a451\" data-element_type=\"widget\" data-widget_type=\"heading.default\">\n\t\t\t\t\t<h1 class=\"elementor-heading-title elementor-size-default\">L&#8217;intelligenza artificiale per l&#8217;efficienza operativa (Strategie e suggerimenti)<\/h1>\t\t\t\t<\/div>\n\t\t\t\t\t<\/div>\n\t\t\t\t<\/div>\n\t\t<div class=\"elementor-element elementor-element-ebde107 e-flex e-con-boxed e-con e-parent\" data-id=\"ebde107\" data-element_type=\"container\">\n\t\t\t\t\t<div class=\"e-con-inner\">\n\t\t\t\t<div class=\"elementor-element elementor-element-f4a4cb5 elementor-widget elementor-widget-image\" data-id=\"f4a4cb5\" data-element_type=\"widget\" data-widget_type=\"image.default\">\n\t\t\t\t\t\t\t\t\t\t\t\t\t\t\t<img fetchpriority=\"high\" decoding=\"async\" width=\"938\" height=\"517\" src=\"https:\/\/www.mindhunters.ai\/blog\/wp-content\/uploads\/2025\/09\/ai-for-operationa-efficiency.webp\" class=\"attachment-large size-large wp-image-387\" alt=\"\" srcset=\"https:\/\/www.mindhunters.ai\/blog\/wp-content\/uploads\/2025\/09\/ai-for-operationa-efficiency.webp 938w, https:\/\/www.mindhunters.ai\/blog\/wp-content\/uploads\/2025\/09\/ai-for-operationa-efficiency-300x165.webp 300w, https:\/\/www.mindhunters.ai\/blog\/wp-content\/uploads\/2025\/09\/ai-for-operationa-efficiency-768x423.webp 768w\" sizes=\"(max-width: 938px) 100vw, 938px\" \/>\t\t\t\t\t\t\t\t\t\t\t\t\t\t\t<\/div>\n\t\t\t\t<div class=\"elementor-element elementor-element-7c5bffd elementor-widget elementor-widget-text-editor\" data-id=\"7c5bffd\" data-element_type=\"widget\" data-widget_type=\"text-editor.default\">\n\t\t\t\t\t\t\t\t\t<p data-start=\"752\" data-end=\"1289\">L&#8217;efficienza operativa non si limita pi\u00f9 a tagliare i costi, ma consiste nell&#8217;ottimizzare le risorse, migliorare la velocit\u00e0 e fornire risultati coerenti su scala. L&#8217;intelligenza artificiale svolge un ruolo fondamentale in questa trasformazione, consentendo alle aziende di automatizzare le attivit\u00e0 ripetitive, analizzare istantaneamente grandi serie di dati e prevedere i colli di bottiglia operativi prima che si verifichino. <\/p><p data-start=\"752\" data-end=\"1289\">Con <strong data-start=\"1123\" data-end=\"1183\">Mindhunters.ai &#8211; Intelligent Sales &amp; Customer Engagement<\/strong>, le aziende possono fare un ulteriore passo avanti, allineando le operazioni di vendita e assistenza per ottenere il massimo impatto.<\/p>\t\t\t\t\t\t\t\t<\/div>\n\t\t\t\t<div class=\"elementor-element elementor-element-d43f3c0 elementor-widget elementor-widget-heading\" data-id=\"d43f3c0\" data-element_type=\"widget\" data-widget_type=\"heading.default\">\n\t\t\t\t\t<h2 class=\"elementor-heading-title elementor-size-default\">Strategia 1: automatizzare i flussi di lavoro ripetitivi<\/h2>\t\t\t\t<\/div>\n\t\t\t\t<div class=\"elementor-element elementor-element-c52b7ce elementor-widget elementor-widget-text-editor\" data-id=\"c52b7ce\" data-element_type=\"widget\" data-widget_type=\"text-editor.default\">\n\t\t\t\t\t\t\t\t\t<p>Uno dei modi pi\u00f9 rapidi per migliorare l&#8217;efficienza \u00e8 eliminare le attivit\u00e0 ripetitive e di scarso valore dal carico di lavoro umano. Le soluzioni di intelligenza artificiale come <strong data-start=\"1483\" data-end=\"1501\">Mindhunters.ai<\/strong> automatizzano la qualificazione dei lead, l&#8217;instradamento delle chiamate, i follow-up dei clienti e la reportistica, liberando i team per concentrarsi sul lavoro strategico ad alto valore. Il risultato? Tempi di risposta pi\u00f9 rapidi, tassi di errore ridotti e una forza lavoro che pu\u00f2 concentrarsi su creativit\u00e0, risoluzione dei problemi e creazione di relazioni.   <\/p>\t\t\t\t\t\t\t\t<\/div>\n\t\t\t\t<div class=\"elementor-element elementor-element-7663363 elementor-widget elementor-widget-heading\" data-id=\"7663363\" data-element_type=\"widget\" data-widget_type=\"heading.default\">\n\t\t\t\t\t<h2 class=\"elementor-heading-title elementor-size-default\">Strategia 2: processo decisionale basato sui dati<\/h2>\t\t\t\t<\/div>\n\t\t\t\t<div class=\"elementor-element elementor-element-732a1fc elementor-widget elementor-widget-text-editor\" data-id=\"732a1fc\" data-element_type=\"widget\" data-widget_type=\"text-editor.default\">\n\t\t\t\t\t\t\t\t\t<p>L&#8217;intelligenza artificiale non si limita ad automatizzare, ma consente ai leader di disporre di informazioni utili. Integrando l&#8217;analisi dell&#8217;intelligenza artificiale con i sistemi CRM e operativi, Mindhunters.ai fornisce dati in tempo reale sulle prestazioni, sui colli di bottiglia e sulle opportunit\u00e0. Ci\u00f2 consente alle aziende di adattare istantaneamente le strategie, di allocare le risorse in modo pi\u00f9 efficiente e di prevedere la domanda futura con maggiore accuratezza, per prendere decisioni pi\u00f9 intelligenti, pi\u00f9 rapide e pi\u00f9 redditizie.  <\/p>\t\t\t\t\t\t\t\t<\/div>\n\t\t\t\t<div class=\"elementor-element elementor-element-0bfaf55 elementor-widget elementor-widget-heading\" data-id=\"0bfaf55\" data-element_type=\"widget\" data-widget_type=\"heading.default\">\n\t\t\t\t\t<h2 class=\"elementor-heading-title elementor-size-default\">Strategia 3: scalare senza compromettere la qualit\u00e0<\/h2>\t\t\t\t<\/div>\n\t\t\t\t<div class=\"elementor-element elementor-element-c0d4b37 elementor-widget elementor-widget-text-editor\" data-id=\"c0d4b37\" data-element_type=\"widget\" data-widget_type=\"text-editor.default\">\n\t\t\t\t\t\t\t\t\t<p data-start=\"2067\" data-end=\"2598\">Con la crescita delle aziende, mantenere la qualit\u00e0 operativa diventa una sfida. L&#8217;intelligenza artificiale garantisce che la scalata non significhi sacrificare l&#8217;esperienza del cliente o le prestazioni del team. Con Mindhunters.ai, ogni interazione &#8211; che si tratti di vendite o di assistenza clienti &#8211; viene gestita con una qualit\u00e0 costante e con l&#8217;allineamento al marchio, anche quando il volume delle chiamate o l&#8217;afflusso di clienti aumentano. Questo equilibrio tra velocit\u00e0, qualit\u00e0 e personalizzazione \u00e8 ci\u00f2 che definisce la vera efficienza operativa nell&#8217;era dell&#8217;intelligenza artificiale.   <\/p>\t\t\t\t\t\t\t\t<\/div>\n\t\t\t\t\t<\/div>\n\t\t\t\t<\/div>\n\t\t<div class=\"elementor-element elementor-element-807e0de e-con-full e-flex e-con e-parent\" data-id=\"807e0de\" data-element_type=\"container\" data-settings=\"{&quot;background_background&quot;:&quot;classic&quot;}\">\n\t\t\t\t<div class=\"elementor-element elementor-element-fcc7806 elementor-widget elementor-widget-heading\" data-id=\"fcc7806\" data-element_type=\"widget\" data-widget_type=\"heading.default\">\n\t\t\t\t\t<h2 class=\"elementor-heading-title elementor-size-default\">FaQ<\/h2>\t\t\t\t<\/div>\n\t\t\t\t<div class=\"elementor-element elementor-element-135d614 elementor-widget elementor-widget-n-accordion\" data-id=\"135d614\" data-element_type=\"widget\" data-settings=\"{&quot;n_accordion_animation_duration&quot;:{&quot;unit&quot;:&quot;ms&quot;,&quot;size&quot;:200,&quot;sizes&quot;:[]},&quot;default_state&quot;:&quot;expanded&quot;,&quot;max_items_expended&quot;:&quot;one&quot;}\" data-widget_type=\"nested-accordion.default\">\n\t\t\t\t\t\t\t<div class=\"e-n-accordion\" aria-label=\"Accordion. Open links with Enter or Space, close with Escape, and navigate with Arrow Keys\">\n\t\t\t\t\t\t<details id=\"e-n-accordion-item-2030\" class=\"e-n-accordion-item\" open>\n\t\t\t\t<summary class=\"e-n-accordion-item-title\" data-accordion-index=\"1\" tabindex=\"0\" aria-expanded=\"true\" aria-controls=\"e-n-accordion-item-2030\" >\n\t\t\t\t\t<span class='e-n-accordion-item-title-header'><div class=\"e-n-accordion-item-title-text\"> In che modo l'IA pu\u00f2 migliorare direttamente l'efficienza operativa? <\/div><\/span>\n\t\t\t\t\t\t\t<span class='e-n-accordion-item-title-icon'>\n\t\t\t<span class='e-opened' ><svg aria-hidden=\"true\" class=\"e-font-icon-svg e-fas-caret-down\" viewBox=\"0 0 320 512\" xmlns=\"http:\/\/www.w3.org\/2000\/svg\"><path d=\"M31.3 192h257.3c17.8 0 26.7 21.5 14.1 34.1L174.1 354.8c-7.8 7.8-20.5 7.8-28.3 0L17.2 226.1C4.6 213.5 13.5 192 31.3 192z\"><\/path><\/svg><\/span>\n\t\t\t<span class='e-closed'><svg aria-hidden=\"true\" class=\"e-font-icon-svg e-fas-caret-right\" viewBox=\"0 0 192 512\" xmlns=\"http:\/\/www.w3.org\/2000\/svg\"><path d=\"M0 384.662V127.338c0-17.818 21.543-26.741 34.142-14.142l128.662 128.662c7.81 7.81 7.81 20.474 0 28.284L34.142 398.804C21.543 411.404 0 402.48 0 384.662z\"><\/path><\/svg><\/span>\n\t\t<\/span>\n\n\t\t\t\t\t\t<\/summary>\n\t\t\t\t<div role=\"region\" aria-labelledby=\"e-n-accordion-item-2030\" class=\"elementor-element elementor-element-a030990 e-con-full e-flex e-con e-child\" data-id=\"a030990\" data-element_type=\"container\">\n\t\t\t\t<div class=\"elementor-element elementor-element-db0837d elementor-widget elementor-widget-text-editor\" data-id=\"db0837d\" data-element_type=\"widget\" data-widget_type=\"text-editor.default\">\n\t\t\t\t\t\t\t\t\t<p>L&#8217;intelligenza artificiale automatizza le attivit\u00e0 ripetitive, fornisce analisi istantanee e ottimizza l&#8217;allocazione delle risorse, consentendo ai team di lavorare in modo pi\u00f9 rapido e intelligente.<\/p>\t\t\t\t\t\t\t\t<\/div>\n\t\t\t\t<\/div>\n\t\t\t\t\t<\/details>\n\t\t\t\t\t\t<details id=\"e-n-accordion-item-2031\" class=\"e-n-accordion-item\" >\n\t\t\t\t<summary class=\"e-n-accordion-item-title\" data-accordion-index=\"2\" tabindex=\"-1\" aria-expanded=\"false\" aria-controls=\"e-n-accordion-item-2031\" >\n\t\t\t\t\t<span class='e-n-accordion-item-title-header'><div class=\"e-n-accordion-item-title-text\"> Che tipo di attivit\u00e0 possono essere automatizzate per aumentare l'efficienza? <\/div><\/span>\n\t\t\t\t\t\t\t<span class='e-n-accordion-item-title-icon'>\n\t\t\t<span class='e-opened' ><svg aria-hidden=\"true\" class=\"e-font-icon-svg e-fas-caret-down\" viewBox=\"0 0 320 512\" xmlns=\"http:\/\/www.w3.org\/2000\/svg\"><path d=\"M31.3 192h257.3c17.8 0 26.7 21.5 14.1 34.1L174.1 354.8c-7.8 7.8-20.5 7.8-28.3 0L17.2 226.1C4.6 213.5 13.5 192 31.3 192z\"><\/path><\/svg><\/span>\n\t\t\t<span class='e-closed'><svg aria-hidden=\"true\" class=\"e-font-icon-svg e-fas-caret-right\" viewBox=\"0 0 192 512\" xmlns=\"http:\/\/www.w3.org\/2000\/svg\"><path d=\"M0 384.662V127.338c0-17.818 21.543-26.741 34.142-14.142l128.662 128.662c7.81 7.81 7.81 20.474 0 28.284L34.142 398.804C21.543 411.404 0 402.48 0 384.662z\"><\/path><\/svg><\/span>\n\t\t<\/span>\n\n\t\t\t\t\t\t<\/summary>\n\t\t\t\t<div role=\"region\" aria-labelledby=\"e-n-accordion-item-2031\" class=\"elementor-element elementor-element-21426b9 e-con-full e-flex e-con e-child\" data-id=\"21426b9\" data-element_type=\"container\">\n\t\t\t\t<div class=\"elementor-element elementor-element-9d3f942 elementor-widget elementor-widget-text-editor\" data-id=\"9d3f942\" data-element_type=\"widget\" data-widget_type=\"text-editor.default\">\n\t\t\t\t\t\t\t\t\t<p>Compiti come la programmazione, l&#8217;inserimento dei dati, l&#8217;instradamento delle chiamate, la qualificazione dei clienti e il reporting delle prestazioni possono essere completamente automatizzati utilizzando piattaforme di intelligenza artificiale come Mindhunters.ai.<\/p>\t\t\t\t\t\t\t\t<\/div>\n\t\t\t\t<\/div>\n\t\t\t\t\t<\/details>\n\t\t\t\t\t\t<details id=\"e-n-accordion-item-2032\" class=\"e-n-accordion-item\" >\n\t\t\t\t<summary class=\"e-n-accordion-item-title\" data-accordion-index=\"3\" tabindex=\"-1\" aria-expanded=\"false\" aria-controls=\"e-n-accordion-item-2032\" >\n\t\t\t\t\t<span class='e-n-accordion-item-title-header'><div class=\"e-n-accordion-item-title-text\"> L'intelligenza artificiale pu\u00f2 contribuire a ridurre i costi operativi? <\/div><\/span>\n\t\t\t\t\t\t\t<span class='e-n-accordion-item-title-icon'>\n\t\t\t<span class='e-opened' ><svg aria-hidden=\"true\" class=\"e-font-icon-svg e-fas-caret-down\" viewBox=\"0 0 320 512\" xmlns=\"http:\/\/www.w3.org\/2000\/svg\"><path d=\"M31.3 192h257.3c17.8 0 26.7 21.5 14.1 34.1L174.1 354.8c-7.8 7.8-20.5 7.8-28.3 0L17.2 226.1C4.6 213.5 13.5 192 31.3 192z\"><\/path><\/svg><\/span>\n\t\t\t<span class='e-closed'><svg aria-hidden=\"true\" class=\"e-font-icon-svg e-fas-caret-right\" viewBox=\"0 0 192 512\" xmlns=\"http:\/\/www.w3.org\/2000\/svg\"><path d=\"M0 384.662V127.338c0-17.818 21.543-26.741 34.142-14.142l128.662 128.662c7.81 7.81 7.81 20.474 0 28.284L34.142 398.804C21.543 411.404 0 402.48 0 384.662z\"><\/path><\/svg><\/span>\n\t\t<\/span>\n\n\t\t\t\t\t\t<\/summary>\n\t\t\t\t<div role=\"region\" aria-labelledby=\"e-n-accordion-item-2032\" class=\"elementor-element elementor-element-dbc31bc e-con-full e-flex e-con e-child\" data-id=\"dbc31bc\" data-element_type=\"container\">\n\t\t\t\t<div class=\"elementor-element elementor-element-b7d4def elementor-widget elementor-widget-text-editor\" data-id=\"b7d4def\" data-element_type=\"widget\" data-widget_type=\"text-editor.default\">\n\t\t\t\t\t\t\t\t\t<p data-start=\"1397\" data-end=\"1572\">S\u00ec. Riducendo al minimo il lavoro manuale, riducendo gli errori e migliorando la velocit\u00e0 dei processi, l&#8217;intelligenza artificiale pu\u00f2 ridurre in modo significativo i costi di lavoro e operativi. <\/p>\t\t\t\t\t\t\t\t<\/div>\n\t\t\t\t<\/div>\n\t\t\t\t\t<\/details>\n\t\t\t\t\t\t<details id=\"e-n-accordion-item-2033\" class=\"e-n-accordion-item\" >\n\t\t\t\t<summary class=\"e-n-accordion-item-title\" data-accordion-index=\"4\" tabindex=\"-1\" aria-expanded=\"false\" aria-controls=\"e-n-accordion-item-2033\" >\n\t\t\t\t\t<span class='e-n-accordion-item-title-header'><div class=\"e-n-accordion-item-title-text\"> Quali sono i settori che beneficiano maggiormente dell'IA per l'efficienza operativa? <\/div><\/span>\n\t\t\t\t\t\t\t<span class='e-n-accordion-item-title-icon'>\n\t\t\t<span class='e-opened' ><svg aria-hidden=\"true\" class=\"e-font-icon-svg e-fas-caret-down\" viewBox=\"0 0 320 512\" xmlns=\"http:\/\/www.w3.org\/2000\/svg\"><path d=\"M31.3 192h257.3c17.8 0 26.7 21.5 14.1 34.1L174.1 354.8c-7.8 7.8-20.5 7.8-28.3 0L17.2 226.1C4.6 213.5 13.5 192 31.3 192z\"><\/path><\/svg><\/span>\n\t\t\t<span class='e-closed'><svg aria-hidden=\"true\" class=\"e-font-icon-svg e-fas-caret-right\" viewBox=\"0 0 192 512\" xmlns=\"http:\/\/www.w3.org\/2000\/svg\"><path d=\"M0 384.662V127.338c0-17.818 21.543-26.741 34.142-14.142l128.662 128.662c7.81 7.81 7.81 20.474 0 28.284L34.142 398.804C21.543 411.404 0 402.48 0 384.662z\"><\/path><\/svg><\/span>\n\t\t<\/span>\n\n\t\t\t\t\t\t<\/summary>\n\t\t\t\t<div role=\"region\" aria-labelledby=\"e-n-accordion-item-2033\" class=\"elementor-element elementor-element-9606892 e-con-full e-flex e-con e-child\" data-id=\"9606892\" data-element_type=\"container\">\n\t\t\t\t<div class=\"elementor-element elementor-element-3b70172 elementor-widget elementor-widget-text-editor\" data-id=\"3b70172\" data-element_type=\"widget\" data-widget_type=\"text-editor.default\">\n\t\t\t\t\t\t\t\t\t<p>Settori come l&#8217;e-commerce, l&#8217;automotive, la finanza, le telecomunicazioni, la sanit\u00e0 e il SaaS vedono enormi guadagni in termini di efficienza grazie all&#8217;automazione e all&#8217;analisi guidate dall&#8217;AI.<\/p>\t\t\t\t\t\t\t\t<\/div>\n\t\t\t\t<\/div>\n\t\t\t\t\t<\/details>\n\t\t\t\t\t\t<details id=\"e-n-accordion-item-2034\" class=\"e-n-accordion-item\" >\n\t\t\t\t<summary class=\"e-n-accordion-item-title\" data-accordion-index=\"5\" tabindex=\"-1\" aria-expanded=\"false\" aria-controls=\"e-n-accordion-item-2034\" >\n\t\t\t\t\t<span class='e-n-accordion-item-title-header'><div class=\"e-n-accordion-item-title-text\"> L'IA sostituisce i dipendenti nel raggiungimento dell'efficienza? <\/div><\/span>\n\t\t\t\t\t\t\t<span class='e-n-accordion-item-title-icon'>\n\t\t\t<span class='e-opened' ><svg aria-hidden=\"true\" class=\"e-font-icon-svg e-fas-caret-down\" viewBox=\"0 0 320 512\" xmlns=\"http:\/\/www.w3.org\/2000\/svg\"><path d=\"M31.3 192h257.3c17.8 0 26.7 21.5 14.1 34.1L174.1 354.8c-7.8 7.8-20.5 7.8-28.3 0L17.2 226.1C4.6 213.5 13.5 192 31.3 192z\"><\/path><\/svg><\/span>\n\t\t\t<span class='e-closed'><svg aria-hidden=\"true\" class=\"e-font-icon-svg e-fas-caret-right\" viewBox=\"0 0 192 512\" xmlns=\"http:\/\/www.w3.org\/2000\/svg\"><path d=\"M0 384.662V127.338c0-17.818 21.543-26.741 34.142-14.142l128.662 128.662c7.81 7.81 7.81 20.474 0 28.284L34.142 398.804C21.543 411.404 0 402.48 0 384.662z\"><\/path><\/svg><\/span>\n\t\t<\/span>\n\n\t\t\t\t\t\t<\/summary>\n\t\t\t\t<div role=\"region\" aria-labelledby=\"e-n-accordion-item-2034\" class=\"elementor-element elementor-element-6b4f7c3 e-con-full e-flex e-con e-child\" data-id=\"6b4f7c3\" data-element_type=\"container\">\n\t\t\t\t<div class=\"elementor-element elementor-element-548a95e elementor-widget elementor-widget-text-editor\" data-id=\"548a95e\" data-element_type=\"widget\" data-widget_type=\"text-editor.default\">\n\t\t\t\t\t\t\t\t\t<p>L&#8217;intelligenza artificiale integra il lavoro umano gestendo le attivit\u00e0 ripetitive, consentendo ai dipendenti di concentrarsi su attivit\u00e0 strategiche e di alto valore.<\/p>\t\t\t\t\t\t\t\t<\/div>\n\t\t\t\t<\/div>\n\t\t\t\t\t<\/details>\n\t\t\t\t\t<\/div>\n\t\t\t\t\t<script type=\"application\/ld+json\">{\"@context\":\"https:\\\/\\\/schema.org\",\"@type\":\"FAQPage\",\"mainEntity\":[{\"@type\":\"Question\",\"name\":\"In che modo l'IA pu\\u00f2 migliorare direttamente l'efficienza operativa?\",\"acceptedAnswer\":{\"@type\":\"Answer\",\"text\":\"L&#8217;intelligenza artificiale automatizza le attivit\\u00e0 ripetitive, fornisce analisi istantanee e ottimizza l&#8217;allocazione delle risorse, consentendo ai team di lavorare in modo pi\\u00f9 rapido e intelligente.\"}},{\"@type\":\"Question\",\"name\":\"Che tipo di attivit\\u00e0 possono essere automatizzate per aumentare l'efficienza?\",\"acceptedAnswer\":{\"@type\":\"Answer\",\"text\":\"Compiti come la programmazione, l&#8217;inserimento dei dati, l&#8217;instradamento delle chiamate, la qualificazione dei clienti e il reporting delle prestazioni possono essere completamente automatizzati utilizzando piattaforme di intelligenza artificiale come Mindhunters.ai.\"}},{\"@type\":\"Question\",\"name\":\"L'intelligenza artificiale pu\\u00f2 contribuire a ridurre i costi operativi?\",\"acceptedAnswer\":{\"@type\":\"Answer\",\"text\":\"S\\u00ec. Riducendo al minimo il lavoro manuale, riducendo gli errori e migliorando la velocit\\u00e0 dei processi, l&#8217;intelligenza artificiale pu\\u00f2 ridurre in modo significativo i costi di lavoro e operativi.\"}},{\"@type\":\"Question\",\"name\":\"Quali sono i settori che beneficiano maggiormente dell'IA per l'efficienza operativa?\",\"acceptedAnswer\":{\"@type\":\"Answer\",\"text\":\"Settori come l&#8217;e-commerce, l&#8217;automotive, la finanza, le telecomunicazioni, la sanit\\u00e0 e il SaaS vedono enormi guadagni in termini di efficienza grazie all&#8217;automazione e all&#8217;analisi guidate dall&#8217;AI.\"}},{\"@type\":\"Question\",\"name\":\"L'IA sostituisce i dipendenti nel raggiungimento dell'efficienza?\",\"acceptedAnswer\":{\"@type\":\"Answer\",\"text\":\"L&#8217;intelligenza artificiale integra il lavoro umano gestendo le attivit\\u00e0 ripetitive, consentendo ai dipendenti di concentrarsi su attivit\\u00e0 strategiche e di alto valore.\"}}]}<\/script>\n\t\t\t\t\t\t\t<\/div>\n\t\t\t\t<\/div>\n\t\t<div class=\"elementor-element elementor-element-bc9b0d9 e-flex e-con-boxed e-con e-parent\" data-id=\"bc9b0d9\" data-element_type=\"container\">\n\t\t\t\t\t<div class=\"e-con-inner\">\n\t\t\t\t<div class=\"elementor-element elementor-element-7bd1307 elementor-author-box--layout-image-left elementor-author-box--align-left elementor-author-box--image-valign-middle elementor-author-box--avatar-yes elementor-author-box--name-yes elementor-author-box--biography-yes elementor-author-box--link-no elementor-widget elementor-widget-author-box\" data-id=\"7bd1307\" data-element_type=\"widget\" data-widget_type=\"author-box.default\">\n\t\t\t\t\t\t\t<div class=\"elementor-author-box\">\n\t\t\t\t\t\t\t<div  class=\"elementor-author-box__avatar\">\n\t\t\t\t\t<img decoding=\"async\" src=\"https:\/\/secure.gravatar.com\/avatar\/4ee07de32079593c320092d8a01f1922a864c29532c172deac6897d3182dab00?s=300&#038;d=mm&#038;r=g\" alt=\"Immagine di Volkan Demir\" loading=\"lazy\">\n\t\t\t\t<\/div>\n\t\t\t\n\t\t\t<div class=\"elementor-author-box__text\">\n\t\t\t\t\t\t\t\t\t<div >\n\t\t\t\t\t\t<div class=\"elementor-author-box__name\">\n\t\t\t\t\t\t\tVolkan Demir\t\t\t\t\t\t<\/div>\n\t\t\t\t\t<\/div>\n\t\t\t\t\n\t\t\t\t\t\t\t\t\t<div class=\"elementor-author-box__bio\">\n\t\t\t\t\t\tVolkan Demir is the Co-Founder of Mindhunters.ai \u2013 Intelligent Sales &amp; Customer Engagement, a platform that leverages conversational AI to transform how businesses sell and support at scale. With a strong background in technology and digital innovation, Volkan has been at the forefront of developing AI-driven solutions that help companies automate customer interactions, boost sales conversions, and deliver world-class engagement experiences.\t\t\t\t\t<\/div>\n\t\t\t\t\n\t\t\t\t\t\t\t<\/div>\n\t\t<\/div>\n\t\t\t\t\t\t<\/div>\n\t\t\t\t\t<\/div>\n\t\t\t\t<\/div>\n\t\t\t\t<\/div>\n\t\t","protected":false},"excerpt":{"rendered":"<p>L&#8217;efficienza operativa non si limita pi\u00f9 a tagliare i costi, ma consiste nell&#8217;ottimizzare le risorse, migliorare la velocit\u00e0 e fornire [&hellip;]<\/p>\n","protected":false},"author":3,"featured_media":387,"parent":0,"menu_order":0,"comment_status":"open","ping_status":"closed","template":"elementor_header_footer","meta":{"site-sidebar-layout":"default","site-content-layout":"","ast-site-content-layout":"default","site-content-style":"default","site-sidebar-style":"default","ast-global-header-display":"","ast-banner-title-visibility":"","ast-main-header-display":"","ast-hfb-above-header-display":"","ast-hfb-below-header-display":"","ast-hfb-mobile-header-display":"","site-post-title":"","ast-breadcrumbs-content":"","ast-featured-img":"","footer-sml-layout":"","theme-transparent-header-meta":"","adv-header-id-meta":"","stick-header-meta":"","header-above-stick-meta":"","header-main-stick-meta":"","header-below-stick-meta":"","astra-migrate-meta-layouts":"default","ast-page-background-enabled":"default","ast-page-background-meta":{"desktop":{"background-color":"var(--ast-global-color-5)","background-image":"","background-repeat":"repeat","background-position":"center center","background-size":"auto","background-attachment":"scroll","background-type":"","background-media":"","overlay-type":"","overlay-color":"","overlay-opacity":"","overlay-gradient":""},"tablet":{"background-color":"","background-image":"","background-repeat":"repeat","background-position":"center center","background-size":"auto","background-attachment":"scroll","background-type":"","background-media":"","overlay-type":"","overlay-color":"","overlay-opacity":"","overlay-gradient":""},"mobile":{"background-color":"","background-image":"","background-repeat":"repeat","background-position":"center center","background-size":"auto","background-attachment":"scroll","background-type":"","background-media":"","overlay-type":"","overlay-color":"","overlay-opacity":"","overlay-gradient":""}},"ast-content-background-meta":{"desktop":{"background-color":"var(--ast-global-color-4)","background-image":"","background-repeat":"repeat","background-position":"center center","background-size":"auto","background-attachment":"scroll","background-type":"","background-media":"","overlay-type":"","overlay-color":"","overlay-opacity":"","overlay-gradient":""},"tablet":{"background-color":"var(--ast-global-color-4)","background-image":"","background-repeat":"repeat","background-position":"center center","background-size":"auto","background-attachment":"scroll","background-type":"","background-media":"","overlay-type":"","overlay-color":"","overlay-opacity":"","overlay-gradient":""},"mobile":{"background-color":"var(--ast-global-color-4)","background-image":"","background-repeat":"repeat","background-position":"center center","background-size":"auto","background-attachment":"scroll","background-type":"","background-media":"","overlay-type":"","overlay-color":"","overlay-opacity":"","overlay-gradient":""}},"footnotes":""},"class_list":["post-480","page","type-page","status-publish","has-post-thumbnail","hentry"],"_links":{"self":[{"href":"https:\/\/www.mindhunters.ai\/blog\/it\/wp-json\/wp\/v2\/pages\/480","targetHints":{"allow":["GET"]}}],"collection":[{"href":"https:\/\/www.mindhunters.ai\/blog\/it\/wp-json\/wp\/v2\/pages"}],"about":[{"href":"https:\/\/www.mindhunters.ai\/blog\/it\/wp-json\/wp\/v2\/types\/page"}],"author":[{"embeddable":true,"href":"https:\/\/www.mindhunters.ai\/blog\/it\/wp-json\/wp\/v2\/users\/3"}],"replies":[{"embeddable":true,"href":"https:\/\/www.mindhunters.ai\/blog\/it\/wp-json\/wp\/v2\/comments?post=480"}],"version-history":[{"count":0,"href":"https:\/\/www.mindhunters.ai\/blog\/it\/wp-json\/wp\/v2\/pages\/480\/revisions"}],"wp:featuredmedia":[{"embeddable":true,"href":"https:\/\/www.mindhunters.ai\/blog\/it\/wp-json\/wp\/v2\/media\/387"}],"wp:attachment":[{"href":"https:\/\/www.mindhunters.ai\/blog\/it\/wp-json\/wp\/v2\/media?parent=480"}],"curies":[{"name":"wp","href":"https:\/\/api.w.org\/{rel}","templated":true}]}}